{"id":2773,"date":"2024-10-24T12:29:50","date_gmt":"2024-10-24T10:29:50","guid":{"rendered":"https:\/\/www.topping-work.pl\/?page_id=2773"},"modified":"2026-01-02T14:58:08","modified_gmt":"2026-01-02T13:58:08","slug":"%d1%81%d0%bf%d0%b0-%d1%82%d0%b0-%d0%b2%d0%b5%d0%bb%d0%bd%d0%b5%d1%81","status":"publish","type":"page","link":"https:\/\/www.topping-work.pl\/ua\/%d0%bf%d1%80%d0%be%d0%bf%d0%be%d0%b7%d0%b8%d1%86%d1%96%d1%97-%d1%80%d0%be%d0%b1%d0%be%d1%82%d0%b8\/%d1%81%d0%bf%d0%b0-%d1%82%d0%b0-%d0%b2%d0%b5%d0%bb%d0%bd%d0%b5%d1%81\/","title":{"rendered":"\u0421\u043f\u0430 \u0442\u0430 \u043e\u0437\u0434\u043e\u0440\u043e\u0432\u043b\u0435\u043d\u043d\u044f"},"content":{"rendered":"<div data-elementor-type=\"wp-page\" data-elementor-id=\"2773\" class=\"elementor elementor-2773\" data-elementor-post-type=\"page\">\n\t\t\t\t\t\t<section class=\"elementor-section elementor-top-section elementor-element elementor-element-7de4c0d elementor-section-boxed elementor-section-height-default elementor-section-height-default\" data-id=\"7de4c0d\" data-element_type=\"section\" data-e-type=\"section\" data-settings=\"{&quot;background_background&quot;:&quot;classic&quot;}\">\n\t\t\t\t\t\t\t<div class=\"elementor-background-overlay\"><\/div>\n\t\t\t\t\t\t\t<div class=\"elementor-container elementor-column-gap-default\">\n\t\t\t\t\t<div class=\"elementor-column elementor-col-50 elementor-top-column elementor-element elementor-element-18256a6\" data-id=\"18256a6\" data-element_type=\"column\" data-e-type=\"column\">\n\t\t\t<div class=\"elementor-widget-wrap elementor-element-populated\">\n\t\t\t\t\t\t<div class=\"elementor-element elementor-element-213b448 elementor-view-default elementor-widget elementor-widget-icon\" data-id=\"213b448\" data-element_type=\"widget\" data-e-type=\"widget\" data-widget_type=\"icon.default\">\n\t\t\t\t<div class=\"elementor-widget-container\">\n\t\t\t\t\t\t\t<div class=\"elementor-icon-wrapper\">\n\t\t\t<div class=\"elementor-icon\">\n\t\t\t<svg xmlns=\"http:\/\/www.w3.org\/2000\/svg\" xmlns:xlink=\"http:\/\/www.w3.org\/1999\/xlink\" width=\"50\" viewbox=\"0 0 37.5 37.499999\" height=\"50\" preserveaspectratio=\"xMidYMid meet\"><defs><clippath id=\"de0f6ae7f0\"><path d=\"M 1 6.097656 L 35.785156 6.097656 L 35.785156 31 L 1 31 Z M 1 6.097656 \" clip-rule=\"nonzero\"><\/path><\/clippath><clippath id=\"a37b930397\"><path d=\"M 34.476562 15.703125 L 35.660156 15.703125 L 35.660156 16.886719 L 34.476562 16.886719 Z M 34.476562 15.703125 \" clip-rule=\"nonzero\"><\/path><\/clippath><clippath id=\"5b6e4a8330\"><path d=\"M 35.066406 15.703125 C 34.738281 15.703125 34.476562 15.96875 34.476562 16.292969 C 34.476562 16.621094 34.738281 16.886719 35.066406 16.886719 C 35.394531 16.886719 35.660156 16.621094 35.660156 16.292969 C 35.660156 15.96875 35.394531 15.703125 35.066406 15.703125 Z M 35.066406 15.703125 \" clip-rule=\"nonzero\"><\/path><\/clippath><\/defs><g clip-path=\"url(#de0f6ae7f0)\"><path fill=\"#ffffff\" d=\"M 35.746094 13.597656 C 35.730469 13.3125 35.503906 13.082031 35.214844 13.070312 C 33.335938 12.976562 31.476562 13.199219 29.691406 13.730469 C 29.515625 11.871094 29.027344 10.066406 28.238281 8.359375 C 28.121094 8.101562 27.820312 7.972656 27.550781 8.066406 C 25.671875 8.71875 23.957031 9.6875 22.441406 10.9375 C 21.539062 9.1875 20.339844 7.625 18.867188 6.292969 C 18.652344 6.101562 18.332031 6.101562 18.117188 6.292969 C 16.644531 7.628906 15.441406 9.191406 14.542969 10.9375 C 13.027344 9.6875 11.3125 8.71875 9.433594 8.066406 C 9.164062 7.972656 8.867188 8.101562 8.746094 8.359375 C 7.953125 10.066406 7.46875 11.875 7.292969 13.730469 C 5.503906 13.199219 3.652344 12.976562 1.769531 13.070312 C 1.480469 13.082031 1.253906 13.3125 1.238281 13.597656 C 1 18.246094 2.75 22.792969 6.035156 26.074219 C 6.160156 26.203125 6.289062 26.324219 6.414062 26.441406 C 9.496094 29.335938 13.46875 30.90625 17.667969 30.90625 C 17.9375 30.90625 18.210938 30.898438 18.484375 30.886719 C 18.757812 30.898438 19.03125 30.90625 19.300781 30.90625 C 23.5 30.90625 27.46875 29.339844 30.550781 26.445312 C 30.679688 26.324219 30.804688 26.203125 30.929688 26.078125 C 34.222656 22.792969 35.972656 18.246094 35.746094 13.597656 Z M 28.601562 14.101562 C 26.992188 14.703125 25.507812 15.542969 24.171875 16.605469 C 23.988281 15.007812 23.574219 13.460938 22.933594 11.984375 C 24.269531 10.835938 25.78125 9.933594 27.433594 9.296875 C 28.082031 10.832031 28.472656 12.445312 28.601562 14.101562 Z M 18.488281 7.46875 C 19.859375 8.792969 20.953125 10.335938 21.75 12.066406 C 22.582031 13.859375 23.054688 15.769531 23.152344 17.753906 C 23.167969 18 23.171875 18.257812 23.171875 18.515625 C 23.171875 22.101562 21.910156 25.589844 19.617188 28.34375 C 19.609375 28.347656 19.605469 28.355469 19.601562 28.359375 C 19.265625 28.765625 18.894531 29.171875 18.488281 29.5625 C 18.089844 29.175781 17.726562 28.78125 17.386719 28.371094 C 17.375 28.359375 17.363281 28.347656 17.351562 28.335938 C 15.0625 25.585938 13.804688 22.097656 13.804688 18.515625 C 13.804688 18.257812 13.808594 18 13.824219 17.75 C 13.917969 15.769531 14.390625 13.859375 15.226562 12.0625 C 16.019531 10.335938 17.117188 8.792969 18.488281 7.46875 Z M 9.539062 9.296875 C 11.195312 9.929688 12.703125 10.835938 14.042969 11.984375 C 13.398438 13.460938 12.984375 15.007812 12.800781 16.601562 C 11.464844 15.539062 9.980469 14.699219 8.371094 14.097656 C 8.5 12.445312 8.890625 10.832031 9.539062 9.296875 Z M 6.824219 25.285156 C 3.882812 22.34375 2.257812 18.316406 2.328125 14.164062 C 4.128906 14.132812 5.902344 14.414062 7.605469 15.003906 C 9.496094 15.65625 11.210938 16.65625 12.703125 17.976562 C 12.699219 18.15625 12.6875 18.335938 12.6875 18.519531 C 12.6875 22.367188 14.046875 26.117188 16.511719 29.070312 C 16.519531 29.078125 16.523438 29.085938 16.53125 29.09375 C 16.726562 29.328125 16.929688 29.554688 17.136719 29.777344 C 13.417969 29.652344 9.925781 28.207031 7.175781 25.625 C 7.054688 25.515625 6.941406 25.402344 6.824219 25.285156 Z M 30.148438 25.285156 C 30.03125 25.398438 29.917969 25.515625 29.792969 25.625 C 27.050781 28.203125 23.554688 29.648438 19.839844 29.773438 C 20.054688 29.542969 20.257812 29.316406 20.449219 29.082031 C 20.453125 29.078125 20.457031 29.070312 20.460938 29.066406 C 22.925781 26.113281 24.285156 22.363281 24.285156 18.515625 C 24.285156 18.332031 24.277344 18.148438 24.273438 17.96875 C 25.765625 16.652344 27.476562 15.652344 29.367188 15.003906 C 31.066406 14.414062 32.847656 14.132812 34.648438 14.164062 C 34.714844 18.316406 33.089844 22.34375 30.148438 25.285156 Z M 30.148438 25.285156 \" fill-opacity=\"1\" fill-rule=\"nonzero\"><\/path><\/g><g clip-path=\"url(#a37b930397)\"><g clip-path=\"url(#5b6e4a8330)\"><path fill=\"#ffffff\" d=\"M 34.476562 15.703125 L 35.660156 15.703125 L 35.660156 16.886719 L 34.476562 16.886719 Z M 34.476562 15.703125 \" fill-opacity=\"1\" fill-rule=\"nonzero\"><\/path><\/g><\/g><\/svg>\t\t\t<\/div>\n\t\t<\/div>\n\t\t\t\t\t\t<\/div>\n\t\t\t\t<\/div>\n\t\t\t\t<div class=\"elementor-element elementor-element-9053395 elementor-widget elementor-widget-heading\" data-id=\"9053395\" data-element_type=\"widget\" data-e-type=\"widget\" data-widget_type=\"heading.default\">\n\t\t\t\t<div class=\"elementor-widget-container\">\n\t\t\t\t\t<h1 class=\"elementor-heading-title elementor-size-default\">\u0421\u043f\u0430 \u0442\u0430 \u043e\u0437\u0434\u043e\u0440\u043e\u0432\u043b\u0435\u043d\u043d\u044f<br \/><strong>\u0412\u0430\u043a\u0430\u043d\u0441\u0456\u0457<\/strong><\/h1>\t\t\t\t<\/div>\n\t\t\t\t<\/div>\n\t\t\t\t<div class=\"elementor-element elementor-element-67db1a8 elementor-widget elementor-widget-text-editor\" data-id=\"67db1a8\" data-element_type=\"widget\" data-e-type=\"widget\" data-widget_type=\"text-editor.default\">\n\t\t\t\t<div class=\"elementor-widget-container\">\n\t\t\t\t\t\t\t\t\t<p>\u041f\u043e\u0432\u0456\u0434\u043e\u043c\u043b\u044f\u0454\u043c\u043e, \u0449\u043e \u043e\u0433\u043e\u043b\u043e\u0448\u0435\u043d\u043d\u044f \u0442\u0430 \u043f\u043e\u0432\u0456\u0434\u043e\u043c\u043b\u0435\u043d\u043d\u044f \u0430\u0434\u0440\u0435\u0441\u043e\u0432\u0430\u043d\u0456 \u0432\u0441\u0456\u043c \u043e\u0441\u043e\u0431\u0430\u043c, \u043d\u0435\u0437\u0430\u043b\u0435\u0436\u043d\u043e \u0432\u0456\u0434 \u0441\u0442\u0430\u0442\u0456, \u043d\u0430\u0446\u0456\u043e\u043d\u0430\u043b\u044c\u043d\u043e\u0441\u0442\u0456 \u0442\u0430 \u0432\u0456\u043a\u0443.<\/p>\t\t\t\t\t\t\t\t<\/div>\n\t\t\t\t<\/div>\n\t\t\t\t<div class=\"elementor-element elementor-element-1b3f875 elementor-widget-divider--view-line elementor-widget elementor-widget-divider\" data-id=\"1b3f875\" data-element_type=\"widget\" data-e-type=\"widget\" data-widget_type=\"divider.default\">\n\t\t\t\t<div class=\"elementor-widget-container\">\n\t\t\t\t\t\t\t<div class=\"elementor-divider\">\n\t\t\t<span class=\"elementor-divider-separator\">\n\t\t\t\t\t\t<\/span>\n\t\t<\/div>\n\t\t\t\t\t\t<\/div>\n\t\t\t\t<\/div>\n\t\t\t\t<div class=\"elementor-element elementor-element-632e0fd elementor-widget elementor-widget-text-editor\" data-id=\"632e0fd\" data-element_type=\"widget\" data-e-type=\"widget\" data-widget_type=\"text-editor.default\">\n\t\t\t\t<div class=\"elementor-widget-container\">\n\t\t\t\t\t\t\t\t\t<p>\u041e\u0437\u043d\u0430\u0439\u043e\u043c\u0442\u0435\u0441\u044f \u0437 \u043d\u0430\u0448\u0438\u043c\u0438 \u043f\u043e\u0442\u043e\u0447\u043d\u0438\u043c\u0438 \u0432\u0430\u043a\u0430\u043d\u0441\u0456\u044f\u043c\u0438 \u0432 \u043a\u0430\u0442\u0435\u0433\u043e\u0440\u0456\u044f\u0445 <strong>\u0441\u043f\u0430 \u0442\u0430 \u0432\u0435\u043b\u043d\u0435\u0441<\/strong>! \u041f\u0440\u0438\u0454\u0434\u043d\u0443\u0439\u0442\u0435\u0441\u044c \u0434\u043e \u043d\u0430\u0441 \u0456 \u0437\u043d\u0430\u0439\u0434\u0456\u0442\u044c \u0456\u0434\u0435\u0430\u043b\u044c\u043d\u0438\u0439 \u043a\u0430\u0440'\u0454\u0440\u043d\u0438\u0439 \u0448\u043b\u044f\u0445, \u044f\u043a\u0438\u0439 \u0432\u0456\u0434\u043f\u043e\u0432\u0456\u0434\u0430\u0454 \u0432\u0430\u0448\u0456\u0439 \u043a\u0432\u0430\u043b\u0456\u0444\u0456\u043a\u0430\u0446\u0456\u0457 \u0442\u0430 \u043f\u0440\u0430\u0433\u043d\u0435\u043d\u043d\u044f\u043c.<\/p>\t\t\t\t\t\t\t\t<\/div>\n\t\t\t\t<\/div>\n\t\t\t\t\t<\/div>\n\t\t<\/div>\n\t\t\t\t<div class=\"elementor-column elementor-col-50 elementor-top-column elementor-element elementor-element-748ac61\" data-id=\"748ac61\" data-element_type=\"column\" data-e-type=\"column\">\n\t\t\t<div class=\"elementor-widget-wrap\">\n\t\t\t\t\t\t\t<\/div>\n\t\t<\/div>\n\t\t\t\t\t<\/div>\n\t\t<\/section>\n\t\t\t\t<section class=\"elementor-section elementor-top-section elementor-element elementor-element-6a99358 elementor-section-boxed elementor-section-height-default elementor-section-height-default\" data-id=\"6a99358\" data-element_type=\"section\" data-e-type=\"section\">\n\t\t\t\t\t\t<div class=\"elementor-container elementor-column-gap-default\">\n\t\t\t\t\t<div class=\"elementor-column elementor-col-100 elementor-top-column elementor-element elementor-element-ee82fab\" data-id=\"ee82fab\" data-element_type=\"column\" data-e-type=\"column\">\n\t\t\t<div class=\"elementor-widget-wrap elementor-element-populated\">\n\t\t\t\t\t\t<div class=\"elementor-element elementor-element-249ba14 elementor-widget elementor-widget-shortcode\" data-id=\"249ba14\" data-element_type=\"widget\" data-e-type=\"widget\" data-widget_type=\"shortcode.default\">\n\t\t\t\t<div class=\"elementor-widget-container\">\n\t\t\t\t\t\t\t<div class=\"elementor-shortcode\"><p class=\"hrappka-job\">\u041d\u0435\u043c\u0430\u0454 \u043f\u0440\u043e\u043f\u043e\u0437\u0438\u0446\u0456\u0439 \u0443 \u0432\u0438\u0431\u0440\u0430\u043d\u0456\u0439 \u043a\u0430\u0442\u0435\u0433\u043e\u0440\u0456\u0457.<\/p><\/div>\n\t\t\t\t\t\t<\/div>\n\t\t\t\t<\/div>\n\t\t\t\t<section class=\"elementor-section elementor-inner-section elementor-element elementor-element-403d729 elementor-section-full_width elementor-section-height-default elementor-section-height-default\" data-id=\"403d729\" data-element_type=\"section\" data-e-type=\"section\">\n\t\t\t\t\t\t<div class=\"elementor-container elementor-column-gap-default\">\n\t\t\t\t\t<div class=\"elementor-column elementor-col-50 elementor-inner-column elementor-element elementor-element-6df1b03\" data-id=\"6df1b03\" data-element_type=\"column\" data-e-type=\"column\">\n\t\t\t<div class=\"elementor-widget-wrap elementor-element-populated\">\n\t\t\t\t\t\t<div class=\"elementor-element elementor-element-17a60c7 elementor-widget elementor-widget-heading\" data-id=\"17a60c7\" data-element_type=\"widget\" data-e-type=\"widget\" data-widget_type=\"heading.default\">\n\t\t\t\t<div class=\"elementor-widget-container\">\n\t\t\t\t\t<p class=\"elementor-heading-title elementor-size-default\">\u041d\u0435 \u0437\u043d\u0430\u0439\u0448\u043b\u0438 \u0446\u0456\u043a\u0430\u0432\u043e\u0457 \u043f\u0440\u043e\u043f\u043e\u0437\u0438\u0446\u0456\u0457?<\/p>\t\t\t\t<\/div>\n\t\t\t\t<\/div>\n\t\t\t\t<div class=\"elementor-element elementor-element-f0dbb31 elementor-align-left cta elementor-mobile-align-justify elementor-widget-mobile__width-inherit elementor-widget elementor-widget-button\" data-id=\"f0dbb31\" data-element_type=\"widget\" data-e-type=\"widget\" data-widget_type=\"button.default\">\n\t\t\t\t<div class=\"elementor-widget-container\">\n\t\t\t\t\t\t\t\t\t<div class=\"elementor-button-wrapper\">\n\t\t\t\t\t<a class=\"elementor-button elementor-button-link elementor-size-sm\" href=\"https:\/\/www.topping-work.pl\/ua\/%d0%b4%d0%bb%d1%8f-%d0%ba%d0%b0%d0%bd%d0%b4%d0%b8%d0%b4%d0%b0%d1%82%d1%96%d0%b2\/\">\n\t\t\t\t\t\t<span class=\"elementor-button-content-wrapper\">\n\t\t\t\t\t\t<span class=\"elementor-button-icon\">\n\t\t\t\t<svg xmlns=\"http:\/\/www.w3.org\/2000\/svg\" xmlns:xlink=\"http:\/\/www.w3.org\/1999\/xlink\" width=\"50\" zoomandpan=\"magnify\" viewbox=\"0 0 37.5 37.499999\" height=\"50\" preserveaspectratio=\"xMidYMid meet\"><defs><clippath id=\"152c6bb82f\"><path d=\"M 0 5.691406 L 37 5.691406 L 37 31.59375 L 0 31.59375 Z M 0 5.691406 \" clip-rule=\"nonzero\"><\/path><\/clippath><clippath id=\"07404626f1\"><path d=\"M 33.304688 17.320312 L 34.488281 17.320312 L 34.488281 18.503906 L 33.304688 18.503906 Z M 33.304688 17.320312 \" clip-rule=\"nonzero\"><\/path><\/clippath><clippath id=\"47cf56a9d7\"><path d=\"M 33.898438 17.320312 C 33.570312 17.320312 33.304688 17.585938 33.304688 17.910156 C 33.304688 18.238281 33.570312 18.503906 33.898438 18.503906 C 34.226562 18.503906 34.488281 18.238281 34.488281 17.910156 C 34.488281 17.585938 34.226562 17.320312 33.898438 17.320312 Z M 33.898438 17.320312 \" clip-rule=\"nonzero\"><\/path><\/clippath><clippath id=\"9fbd65f3f7\"><path d=\"M 0.304688 0.320312 L 1.488281 0.320312 L 1.488281 1.503906 L 0.304688 1.503906 Z M 0.304688 0.320312 \" clip-rule=\"nonzero\"><\/path><\/clippath><clippath id=\"5d36e26918\"><path d=\"M 0.898438 0.320312 C 0.570312 0.320312 0.304688 0.585938 0.304688 0.910156 C 0.304688 1.238281 0.570312 1.503906 0.898438 1.503906 C 1.226562 1.503906 1.488281 1.238281 1.488281 0.910156 C 1.488281 0.585938 1.226562 0.320312 0.898438 0.320312 Z M 0.898438 0.320312 \" clip-rule=\"nonzero\"><\/path><\/clippath><clippath id=\"b328b9dd3a\"><rect x=\"0\" width=\"2\" y=\"0\" height=\"2\"><\/rect><\/clippath><\/defs><g clip-path=\"url(#152c6bb82f)\"><path fill=\"#ffffff\" d=\"M 36.703125 18.898438 C 36.847656 18.542969 36.847656 18.183594 36.703125 17.824219 C 36.628906 17.652344 36.527344 17.5 36.394531 17.367188 L 25.128906 6.101562 C 24.996094 5.96875 24.84375 5.867188 24.671875 5.796875 C 24.5 5.722656 24.320312 5.6875 24.132812 5.6875 C 23.945312 5.6875 23.765625 5.726562 23.59375 5.796875 C 23.421875 5.867188 23.269531 5.96875 23.136719 6.101562 C 23.003906 6.234375 22.902344 6.386719 22.832031 6.558594 C 22.757812 6.730469 22.722656 6.910156 22.722656 7.097656 C 22.722656 7.285156 22.757812 7.464844 22.832031 7.636719 C 22.902344 7.808594 23.003906 7.960938 23.136719 8.09375 L 32 16.953125 L 1.605469 16.953125 C 1.417969 16.953125 1.238281 16.988281 1.066406 17.0625 C 0.894531 17.132812 0.742188 17.234375 0.609375 17.367188 C 0.480469 17.5 0.375 17.652344 0.304688 17.824219 C 0.234375 17.996094 0.199219 18.175781 0.199219 18.363281 C 0.199219 18.550781 0.234375 18.730469 0.304688 18.902344 C 0.375 19.074219 0.480469 19.226562 0.609375 19.359375 C 0.742188 19.488281 0.894531 19.59375 1.066406 19.664062 C 1.238281 19.734375 1.417969 19.769531 1.605469 19.769531 L 32 19.769531 L 23.140625 28.628906 C 23.007812 28.761719 22.90625 28.914062 22.832031 29.085938 C 22.761719 29.261719 22.726562 29.441406 22.726562 29.625 C 22.726562 29.8125 22.761719 29.992188 22.832031 30.167969 C 22.90625 30.339844 23.007812 30.492188 23.140625 30.625 C 23.273438 30.753906 23.425781 30.855469 23.597656 30.929688 C 23.769531 31 23.949219 31.035156 24.136719 31.035156 C 24.324219 31.035156 24.503906 31 24.675781 30.929688 C 24.847656 30.859375 25 30.757812 25.132812 30.625 L 36.398438 19.359375 C 36.527344 19.226562 36.628906 19.074219 36.703125 18.898438 Z M 36.703125 18.898438 \" fill-opacity=\"1\" fill-rule=\"nonzero\"><\/path><\/g><g clip-path=\"url(#07404626f1)\"><g clip-path=\"url(#47cf56a9d7)\"><g transform=\"matrix(1, 0, 0, 1, 33, 17)\"><g clip-path=\"url(#b328b9dd3a)\"><g clip-path=\"url(#9fbd65f3f7)\"><g clip-path=\"url(#5d36e26918)\"><path fill=\"#ffffff\" d=\"M 0.304688 0.320312 L 1.488281 0.320312 L 1.488281 1.503906 L 0.304688 1.503906 Z M 0.304688 0.320312 \" fill-opacity=\"1\" fill-rule=\"nonzero\"><\/path><\/g><\/g><\/g><\/g><\/g><\/g><\/svg>\t\t\t<\/span>\n\t\t\t\t\t\t\t\t\t<span class=\"elementor-button-text\">\u041f\u043e\u0434\u0430\u0439\u0442\u0435 \u0437\u0430\u044f\u0432\u043a\u0443 \u043d\u0430 \u043f\u043e\u0441\u0430\u0434\u0443 \u043a\u0430\u043d\u0434\u0438\u0434\u0430\u0442\u0430<\/span>\n\t\t\t\t\t<\/span>\n\t\t\t\t\t<\/a>\n\t\t\t\t<\/div>\n\t\t\t\t\t\t\t\t<\/div>\n\t\t\t\t<\/div>\n\t\t\t\t\t<\/div>\n\t\t<\/div>\n\t\t\t\t<div class=\"elementor-column elementor-col-50 elementor-inner-column elementor-element elementor-element-ea17681\" data-id=\"ea17681\" data-element_type=\"column\" data-e-type=\"column\">\n\t\t\t<div class=\"elementor-widget-wrap elementor-element-populated\">\n\t\t\t\t\t\t<div class=\"elementor-element elementor-element-9559b91 elementor-mobile-align-justify elementor-align-right elementor-widget elementor-widget-button\" data-id=\"9559b91\" data-element_type=\"widget\" data-e-type=\"widget\" data-widget_type=\"button.default\">\n\t\t\t\t<div class=\"elementor-widget-container\">\n\t\t\t\t\t\t\t\t\t<div class=\"elementor-button-wrapper\">\n\t\t\t\t\t<a class=\"elementor-button elementor-button-link elementor-size-sm\" href=\"https:\/\/www.topping-work.pl\/ua\/%d1%80%d0%b5%d0%ba%d1%80%d1%83%d1%82%d0%b8%d0%bd%d0%b3-%d0%b2%d0%b0%d0%ba%d0%b0%d0%bd%d1%81%d1%96%d1%97-%d0%bf%d1%80%d0%be%d0%bf%d0%be%d0%b7%d0%b8%d1%86%d1%96%d1%97-%d1%80%d0%be%d0%b1%d0%be%d1%82\/\">\n\t\t\t\t\t\t<span class=\"elementor-button-content-wrapper\">\n\t\t\t\t\t\t\t\t\t<span class=\"elementor-button-text\">\u041f\u043e\u0432\u0435\u0440\u043d\u0443\u0442\u0438\u0441\u044f \u0434\u043e \u0432\u0438\u0431\u043e\u0440\u0443 \u043a\u0430\u0442\u0435\u0433\u043e\u0440\u0456\u0457<\/span>\n\t\t\t\t\t<\/span>\n\t\t\t\t\t<\/a>\n\t\t\t\t<\/div>\n\t\t\t\t\t\t\t\t<\/div>\n\t\t\t\t<\/div>\n\t\t\t\t\t<\/div>\n\t\t<\/div>\n\t\t\t\t\t<\/div>\n\t\t<\/section>\n\t\t\t\t\t<\/div>\n\t\t<\/div>\n\t\t\t\t\t<\/div>\n\t\t<\/section>\n\t\t\t\t<\/div>","protected":false},"excerpt":{"rendered":"<p>Spa i WellnessOferty pracy Informujemy, \u017ce og\u0142oszenie i komunikacja s\u0105 skierowane do wszystkich os\u00f3b, niezale\u017cnie od p\u0142ci, narodowo\u015bci i wieku. Zapraszamy do zapoznania si\u0119 z naszymi aktualnymi ofertami pracy z kategorii spa i wellness! Do\u0142\u0105cz do nas i znajd\u017a idealn\u0105 \u015bcie\u017ck\u0119 kariery, kt\u00f3ra odpowiada Twoim kwalifikacjom i aspiracjom. Nie znalaz\u0142e\u015b interesuj\u0105cej oferty? Zg\u0142o\u015b si\u0119 do [&hellip;]<\/p>\n","protected":false},"author":1,"featured_media":0,"parent":2526,"menu_order":0,"comment_status":"closed","ping_status":"closed","template":"","meta":{"_acf_changed":false,"footnotes":""},"class_list":["post-2773","page","type-page","status-publish","hentry"],"acf":[],"_links":{"self":[{"href":"https:\/\/www.topping-work.pl\/ua\/wp-json\/wp\/v2\/pages\/2773","targetHints":{"allow":["GET"]}}],"collection":[{"href":"https:\/\/www.topping-work.pl\/ua\/wp-json\/wp\/v2\/pages"}],"about":[{"href":"https:\/\/www.topping-work.pl\/ua\/wp-json\/wp\/v2\/types\/page"}],"author":[{"embeddable":true,"href":"https:\/\/www.topping-work.pl\/ua\/wp-json\/wp\/v2\/users\/1"}],"replies":[{"embeddable":true,"href":"https:\/\/www.topping-work.pl\/ua\/wp-json\/wp\/v2\/comments?post=2773"}],"version-history":[{"count":61,"href":"https:\/\/www.topping-work.pl\/ua\/wp-json\/wp\/v2\/pages\/2773\/revisions"}],"predecessor-version":[{"id":4029,"href":"https:\/\/www.topping-work.pl\/ua\/wp-json\/wp\/v2\/pages\/2773\/revisions\/4029"}],"up":[{"embeddable":true,"href":"https:\/\/www.topping-work.pl\/ua\/wp-json\/wp\/v2\/pages\/2526"}],"wp:attachment":[{"href":"https:\/\/www.topping-work.pl\/ua\/wp-json\/wp\/v2\/media?parent=2773"}],"curies":[{"name":"wp","href":"https:\/\/api.w.org\/{rel}","templated":true}]}}