{"id":268,"date":"2022-03-05T07:18:38","date_gmt":"2022-03-05T06:18:38","guid":{"rendered":"https:\/\/cpsystem2.kylos.pl\/topping-work\/?page_id=268"},"modified":"2026-01-12T09:40:37","modified_gmt":"2026-01-12T08:40:37","slug":"%d0%ba%d0%be%d0%bd%d1%81%d1%83%d0%bb%d1%8c%d1%82%d0%b0%d1%86%d1%96%d1%97-%d1%82%d0%b0-%d1%84%d0%be%d1%80%d0%bc%d0%b0%d0%bb%d1%8c%d0%bd%d0%be%d1%81%d1%82%d1%96","status":"publish","type":"page","link":"https:\/\/www.topping-work.pl\/ua\/%d0%b4%d0%bb%d1%8f-%d1%80%d0%be%d0%b1%d0%be%d1%82%d0%be%d0%b4%d0%b0%d0%b2%d1%86%d1%96%d0%b2\/%d0%ba%d0%be%d0%bd%d1%81%d1%83%d0%bb%d1%8c%d1%82%d0%b0%d1%86%d1%96%d1%97-%d1%82%d0%b0-%d1%84%d0%be%d1%80%d0%bc%d0%b0%d0%bb%d1%8c%d0%bd%d0%be%d1%81%d1%82%d1%96\/","title":{"rendered":"\u041f\u043e\u0440\u0430\u0434\u0438 \u0442\u0430 \u0444\u043e\u0440\u043c\u0430\u043b\u044c\u043d\u043e\u0441\u0442\u0456"},"content":{"rendered":"\t\t<div data-elementor-type=\"wp-page\" data-elementor-id=\"268\" class=\"elementor elementor-268\" data-elementor-post-type=\"page\">\n\t\t\t\t\t\t<section class=\"elementor-section elementor-top-section elementor-element elementor-element-90385ff elementor-section-boxed elementor-section-height-default elementor-section-height-default\" data-id=\"90385ff\" data-element_type=\"section\" data-e-type=\"section\" data-settings=\"{&quot;background_background&quot;:&quot;classic&quot;}\">\n\t\t\t\t\t\t\t<div class=\"elementor-background-overlay\"><\/div>\n\t\t\t\t\t\t\t<div class=\"elementor-container elementor-column-gap-default\">\n\t\t\t\t\t<div class=\"elementor-column elementor-col-50 elementor-top-column elementor-element elementor-element-e42b740\" data-id=\"e42b740\" data-element_type=\"column\" data-e-type=\"column\">\n\t\t\t<div class=\"elementor-widget-wrap elementor-element-populated\">\n\t\t\t\t\t\t<div class=\"elementor-element elementor-element-9b29f1e elementor-view-default elementor-widget elementor-widget-icon\" data-id=\"9b29f1e\" data-element_type=\"widget\" data-e-type=\"widget\" data-widget_type=\"icon.default\">\n\t\t\t\t<div class=\"elementor-widget-container\">\n\t\t\t\t\t\t\t<div class=\"elementor-icon-wrapper\">\n\t\t\t<div class=\"elementor-icon\">\n\t\t\t<svg xmlns=\"http:\/\/www.w3.org\/2000\/svg\" xmlns:xlink=\"http:\/\/www.w3.org\/1999\/xlink\" width=\"400\" viewBox=\"0 0 300 299.999988\" height=\"400\" preserveAspectRatio=\"xMidYMid meet\"><defs><clipPath id=\"id1\"><path d=\"M 4.980469 112 L 80 112 L 80 241 L 4.980469 241 Z M 4.980469 112 \" clip-rule=\"nonzero\"><\/path><\/clipPath><clipPath id=\"id2\"><path d=\"M 220 112 L 295.230469 112 L 295.230469 241 L 220 241 Z M 220 112 \" clip-rule=\"nonzero\"><\/path><\/clipPath><\/defs><path fill=\"fff\" d=\"M 42.640625 87.765625 C 58.40625 87.765625 71.230469 74.976562 71.230469 59.222656 C 71.230469 43.492188 58.40625 30.683594 42.640625 30.683594 C 26.875 30.683594 14.050781 43.492188 14.050781 59.222656 C 14.050781 74.960938 26.875 87.765625 42.640625 87.765625 Z M 42.640625 37.265625 C 54.765625 37.265625 64.632812 47.121094 64.632812 59.222656 C 64.632812 71.335938 54.765625 81.179688 42.640625 81.179688 C 30.515625 81.179688 20.648438 71.335938 20.648438 59.222656 C 20.648438 47.121094 30.515625 37.265625 42.640625 37.265625 Z M 42.640625 37.265625 \" fill-opacity=\"1\" fill-rule=\"nonzero\"><\/path><g clip-path=\"url(#id1)\"><path fill=\"fff\" d=\"M 44.902344 233.160156 L 75.378906 240.140625 C 75.628906 240.191406 75.875 240.21875 76.117188 240.21875 C 77.621094 240.21875 78.980469 239.199219 79.332031 237.664062 C 79.738281 235.878906 78.632812 234.121094 76.855469 233.714844 L 46.378906 226.738281 C 25.886719 222.042969 11.578125 204.117188 11.578125 183.136719 L 11.578125 115.867188 C 11.578125 114.046875 10.097656 112.574219 8.277344 112.574219 C 6.457031 112.574219 4.980469 114.046875 4.980469 115.867188 L 4.980469 183.136719 C 4.980469 207.214844 21.398438 227.785156 44.902344 233.160156 Z M 44.902344 233.160156 \" fill-opacity=\"1\" fill-rule=\"nonzero\"><\/path><\/g><path fill=\"fff\" d=\"M 107.035156 298.394531 C 118.328125 298.394531 127.511719 289.222656 127.511719 277.953125 L 127.511719 225.980469 C 127.511719 208.34375 115.488281 193.277344 98.261719 189.339844 L 69.324219 182.726562 C 67.6875 182.347656 66.546875 180.921875 66.546875 179.25 L 66.546875 115.871094 C 66.546875 102.707031 55.820312 92 42.632812 92 C 29.445312 92 18.722656 102.707031 18.722656 115.871094 L 18.722656 183.144531 C 18.722656 200.785156 30.746094 215.859375 47.96875 219.777344 L 83.785156 227.96875 C 85.417969 228.351562 86.554688 229.769531 86.554688 231.441406 L 86.554688 277.953125 C 86.558594 289.230469 95.742188 298.394531 107.035156 298.394531 Z M 85.253906 221.554688 L 49.441406 213.363281 C 35.238281 210.109375 25.316406 197.683594 25.316406 183.136719 L 25.316406 115.867188 C 25.316406 106.335938 33.089844 98.578125 42.632812 98.578125 C 52.179688 98.578125 59.949219 106.335938 59.949219 115.867188 L 59.949219 179.238281 C 59.949219 184.003906 63.195312 188.074219 67.847656 189.136719 L 96.785156 195.753906 C 110.988281 199.007812 120.910156 211.433594 120.910156 225.980469 L 120.910156 277.960938 C 120.910156 285.601562 114.683594 291.816406 107.03125 291.816406 C 99.378906 291.816406 93.152344 285.605469 93.152344 277.960938 L 93.152344 231.449219 C 93.15625 226.691406 89.90625 222.609375 85.253906 221.554688 Z M 85.253906 221.554688 \" fill-opacity=\"1\" fill-rule=\"nonzero\"><\/path><path fill=\"fff\" d=\"M 257.578125 87.765625 C 273.34375 87.765625 286.160156 74.976562 286.160156 59.222656 C 286.160156 43.492188 273.34375 30.683594 257.578125 30.683594 C 241.8125 30.683594 228.988281 43.492188 228.988281 59.222656 C 228.988281 74.960938 241.8125 87.765625 257.578125 87.765625 Z M 257.578125 37.265625 C 269.703125 37.265625 279.5625 47.121094 279.5625 59.222656 C 279.5625 71.335938 269.695312 81.179688 257.578125 81.179688 C 245.453125 81.179688 235.585938 71.335938 235.585938 59.222656 C 235.585938 47.121094 245.445312 37.265625 257.578125 37.265625 Z M 257.578125 37.265625 \" fill-opacity=\"1\" fill-rule=\"nonzero\"><\/path><g clip-path=\"url(#id2)\"><path fill=\"fff\" d=\"M 291.933594 112.574219 C 290.117188 112.574219 288.632812 114.046875 288.632812 115.867188 L 288.632812 183.136719 C 288.632812 204.132812 274.324219 222.042969 253.835938 226.738281 L 223.367188 233.714844 C 221.585938 234.121094 220.476562 235.878906 220.894531 237.664062 C 221.242188 239.179688 222.59375 240.21875 224.097656 240.21875 C 224.34375 240.21875 224.59375 240.191406 224.839844 240.140625 L 255.316406 233.160156 C 278.816406 227.785156 295.230469 207.214844 295.230469 183.136719 L 295.230469 115.867188 C 295.230469 114.046875 293.746094 112.574219 291.933594 112.574219 Z M 291.933594 112.574219 \" fill-opacity=\"1\" fill-rule=\"nonzero\"><\/path><\/g><path fill=\"fff\" d=\"M 213.652344 277.949219 L 213.652344 231.441406 C 213.652344 229.769531 214.796875 228.339844 216.433594 227.976562 L 252.242188 219.785156 C 269.457031 215.839844 281.496094 200.773438 281.496094 183.144531 L 281.496094 115.867188 C 281.496094 102.699219 270.769531 91.992188 257.582031 91.992188 C 244.398438 91.992188 233.671875 102.699219 233.671875 115.867188 L 233.671875 179.238281 C 233.671875 180.910156 232.53125 182.347656 230.894531 182.707031 L 201.953125 189.332031 C 184.738281 193.277344 172.699219 208.34375 172.699219 225.96875 L 172.699219 277.941406 C 172.699219 289.222656 181.894531 298.382812 193.175781 298.382812 C 204.46875 298.394531 213.652344 289.230469 213.652344 277.949219 Z M 207.054688 277.949219 C 207.054688 285.585938 200.832031 291.804688 193.175781 291.804688 C 185.515625 291.804688 179.296875 285.585938 179.296875 277.949219 L 179.296875 225.976562 C 179.296875 211.425781 189.222656 199 203.417969 195.746094 L 232.351562 189.128906 C 237.003906 188.070312 240.253906 184 240.253906 179.230469 L 240.253906 115.859375 C 240.253906 106.328125 248.023438 98.570312 257.570312 98.570312 C 267.117188 98.570312 274.886719 106.328125 274.886719 115.859375 L 274.886719 183.128906 C 274.886719 197.675781 264.964844 210.109375 250.761719 213.355469 L 214.949219 221.550781 C 210.300781 222.609375 207.054688 226.671875 207.054688 231.441406 Z M 207.054688 277.949219 \" fill-opacity=\"1\" fill-rule=\"nonzero\"><\/path><path fill=\"fff\" d=\"M 107.15625 174.738281 L 193.050781 174.738281 C 200.5625 174.738281 206.65625 168.640625 206.65625 161.152344 C 206.65625 153.667969 200.554688 147.566406 193.050781 147.566406 L 107.15625 147.566406 C 99.65625 147.566406 93.546875 153.667969 93.546875 161.152344 C 93.554688 168.640625 99.65625 174.738281 107.15625 174.738281 Z M 107.15625 154.148438 L 193.050781 154.148438 C 196.914062 154.148438 200.0625 157.292969 200.0625 161.148438 C 200.0625 165 196.910156 168.148438 193.050781 168.148438 L 107.15625 168.148438 C 103.289062 168.148438 100.144531 164.992188 100.144531 161.148438 C 100.144531 157.300781 103.289062 154.148438 107.15625 154.148438 Z M 107.15625 154.148438 \" fill-opacity=\"1\" fill-rule=\"nonzero\"><\/path><\/svg>\t\t\t<\/div>\n\t\t<\/div>\n\t\t\t\t\t\t<\/div>\n\t\t\t\t<\/div>\n\t\t\t\t<div class=\"elementor-element elementor-element-2611dea elementor-widget elementor-widget-heading\" data-id=\"2611dea\" data-element_type=\"widget\" data-e-type=\"widget\" data-widget_type=\"heading.default\">\n\t\t\t\t<div class=\"elementor-widget-container\">\n\t\t\t\t\t<h1 class=\"elementor-heading-title elementor-size-default\">Doradztwo<br \/><strong>&amp; formalno\u015bci<\/strong><\/h1>\t\t\t\t<\/div>\n\t\t\t\t<\/div>\n\t\t\t\t<div class=\"elementor-element elementor-element-844ac04 elementor-widget-divider--view-line elementor-widget elementor-widget-divider\" data-id=\"844ac04\" data-element_type=\"widget\" data-e-type=\"widget\" data-widget_type=\"divider.default\">\n\t\t\t\t<div class=\"elementor-widget-container\">\n\t\t\t\t\t\t\t<div class=\"elementor-divider\">\n\t\t\t<span class=\"elementor-divider-separator\">\n\t\t\t\t\t\t<\/span>\n\t\t<\/div>\n\t\t\t\t\t\t<\/div>\n\t\t\t\t<\/div>\n\t\t\t\t<div class=\"elementor-element elementor-element-5fb4a73 elementor-widget elementor-widget-text-editor\" data-id=\"5fb4a73\" data-element_type=\"widget\" data-e-type=\"widget\" data-widget_type=\"text-editor.default\">\n\t\t\t\t<div class=\"elementor-widget-container\">\n\t\t\t\t\t\t\t\t\t<p>Oferujemy pomoc w zakresie zatrudniania cudzoziemc\u00f3w: uzyskanie wszystkich usankcjonowanych prawem dokument\u00f3w administracyjnych zwi\u0105zanych z legalizacj\u0105 pobytu i pracy.<\/p>\t\t\t\t\t\t\t\t<\/div>\n\t\t\t\t<\/div>\n\t\t\t\t\t<\/div>\n\t\t<\/div>\n\t\t\t\t<div class=\"elementor-column elementor-col-50 elementor-top-column elementor-element elementor-element-1bf424c\" data-id=\"1bf424c\" data-element_type=\"column\" data-e-type=\"column\">\n\t\t\t<div class=\"elementor-widget-wrap\">\n\t\t\t\t\t\t\t<\/div>\n\t\t<\/div>\n\t\t\t\t\t<\/div>\n\t\t<\/section>\n\t\t\t\t<section class=\"elementor-section elementor-top-section elementor-element elementor-element-6a62ca7 elementor-section-boxed elementor-section-height-default elementor-section-height-default\" data-id=\"6a62ca7\" data-element_type=\"section\" data-e-type=\"section\">\n\t\t\t\t\t\t<div class=\"elementor-container elementor-column-gap-default\">\n\t\t\t\t\t<div class=\"elementor-column elementor-col-100 elementor-top-column elementor-element elementor-element-80ee7b4\" data-id=\"80ee7b4\" data-element_type=\"column\" data-e-type=\"column\">\n\t\t\t<div class=\"elementor-widget-wrap elementor-element-populated\">\n\t\t\t\t\t\t<div class=\"elementor-element elementor-element-c60c344 elementor-widget elementor-widget-heading\" data-id=\"c60c344\" data-element_type=\"widget\" data-e-type=\"widget\" data-widget_type=\"heading.default\">\n\t\t\t\t<div class=\"elementor-widget-container\">\n\t\t\t\t\t<p class=\"elementor-heading-title elementor-size-default\">Masz pytania?<br \/><small>Zostaw kontakt, a nasi konsultanci <strong>skontaktuj\u0105 si\u0119 z Tob\u0105<\/strong><\/small><\/p>\t\t\t\t<\/div>\n\t\t\t\t<\/div>\n\t\t\t\t<div class=\"elementor-element elementor-element-7182f4e elementor-button-align-start elementor-widget elementor-widget-form\" data-id=\"7182f4e\" data-element_type=\"widget\" data-e-type=\"widget\" data-settings=\"{&quot;button_width&quot;:&quot;20&quot;,&quot;step_next_label&quot;:&quot;Nast\\u0119pny&quot;,&quot;step_previous_label&quot;:&quot;Poprzedni&quot;,&quot;step_type&quot;:&quot;number_text&quot;,&quot;step_icon_shape&quot;:&quot;circle&quot;}\" data-widget_type=\"form.default\">\n\t\t\t\t<div class=\"elementor-widget-container\">\n\t\t\t\t\t\t\t<form class=\"elementor-form\" method=\"post\" name=\"Nowy formularz\" aria-label=\"Nowy formularz\">\n\t\t\t<input type=\"hidden\" name=\"post_id\" value=\"268\"\/>\n\t\t\t<input type=\"hidden\" name=\"form_id\" value=\"7182f4e\"\/>\n\t\t\t<input type=\"hidden\" name=\"referer_title\" value=\"\" \/>\n\n\t\t\t\n\t\t\t<div class=\"elementor-form-fields-wrapper elementor-labels-\">\n\t\t\t\t\t\t\t\t<div class=\"elementor-field-type-email elementor-field-group elementor-column elementor-field-group-email elementor-col-20 elementor-md-40 elementor-field-required\">\n\t\t\t\t\t\t\t\t\t\t\t\t<label for=\"form-field-email\" class=\"elementor-field-label elementor-screen-only\">\n\t\t\t\t\t\t\t\tE-mail\t\t\t\t\t\t\t<\/label>\n\t\t\t\t\t\t\t\t\t\t\t\t\t\t<input size=\"1\" type=\"email\" name=\"form_fields[email]\" id=\"form-field-email\" class=\"elementor-field elementor-size-sm  elementor-field-textual\" placeholder=\"E-mail\" required=\"required\">\n\t\t\t\t\t\t\t\t\t\t\t<\/div>\n\t\t\t\t\t\t\t\t<div class=\"elementor-field-type-tel elementor-field-group elementor-column elementor-field-group-field_d5b0956 elementor-col-20 elementor-md-40 elementor-field-required\">\n\t\t\t\t\t\t\t\t\t\t\t\t<label for=\"form-field-field_d5b0956\" class=\"elementor-field-label elementor-screen-only\">\n\t\t\t\t\t\t\t\tTelefon\t\t\t\t\t\t\t<\/label>\n\t\t\t\t\t\t\t\t<input size=\"1\" type=\"tel\" name=\"form_fields[field_d5b0956]\" id=\"form-field-field_d5b0956\" class=\"elementor-field elementor-size-sm  elementor-field-textual\" placeholder=\"Telefon\" required=\"required\" pattern=\"[0-9()#&amp;+*-=.]+\" title=\"\u041b\u0438\u0448\u0435 \u0446\u0438\u0444\u0440\u0438 \u0442\u0430 \u0441\u0438\u043c\u0432\u043e\u043b\u0438 \u0442\u0435\u043b\u0435\u0444\u043e\u043d\u0443 (#, -, *, \u0456 \u0442.\u0434.) \u043f\u0440\u0438\u0439\u043c\u0430\u044e\u0442\u044c\u0441\u044f.\">\n\n\t\t\t\t\t\t<\/div>\n\t\t\t\t\t\t\t\t<div class=\"elementor-field-type-acceptance elementor-field-group elementor-column elementor-field-group-field_0ad51a6 elementor-col-30 elementor-md-60 elementor-field-required\">\n\t\t\t\t\t\t\t\t\t\t\t\t<label for=\"form-field-field_0ad51a6\" class=\"elementor-field-label elementor-screen-only\">\n\t\t\t\t\t\t\t\tRODO\/GDPR\t\t\t\t\t\t\t<\/label>\n\t\t\t\t\t\t\t\t<div class=\"elementor-field-subgroup\">\n\t\t\t<span class=\"elementor-field-option\">\n\t\t\t\t<input type=\"checkbox\" name=\"form_fields[field_0ad51a6]\" id=\"form-field-field_0ad51a6\" class=\"elementor-field elementor-size-sm  elementor-acceptance-field\" required=\"required\">\n\t\t\t\t<label for=\"form-field-field_0ad51a6\"> Wyra\u017cam zgod\u0119 na przetwarzanie danych osobowych zgodnie z <a href=\"https:\/\/www.topping-work.pl\/polityka-prywatnosci\/\" style=\"text-decoration:underline;color:#fff\">polityk\u0105 prywatno\u015bci\u0105<\/a>.\n<\/label>\t\t\t<\/span>\n\t\t<\/div>\n\t\t\t\t\t\t<\/div>\n\t\t\t\t\t\t\t\t<div class=\"elementor-field-type-recaptcha_v3 elementor-field-group elementor-column elementor-field-group-field_e323675 elementor-col-100 elementor-md-60 recaptcha_v3-bottomright\">\n\t\t\t\t\t<div class=\"elementor-field\" id=\"form-field-field_e323675\"><div class=\"elementor-g-recaptcha\" data-sitekey=\"6Ld5AIYUAAAAANxyUpouPmPVh24ct0g_a5D8jtv-\" data-type=\"v3\" data-action=\"Form\" data-badge=\"bottomright\" data-size=\"invisible\"><\/div><\/div>\t\t\t\t<\/div>\n\t\t\t\t\t\t\t\t<div class=\"elementor-field-group elementor-column elementor-field-type-submit elementor-col-20 e-form__buttons\">\n\t\t\t\t\t<button class=\"elementor-button elementor-size-sm\" type=\"submit\">\n\t\t\t\t\t\t<span class=\"elementor-button-content-wrapper\">\n\t\t\t\t\t\t\t\t\t\t\t\t\t\t\t<span class=\"elementor-button-icon\">\n\t\t\t\t\t\t\t\t\t<svg xmlns=\"http:\/\/www.w3.org\/2000\/svg\" xmlns:xlink=\"http:\/\/www.w3.org\/1999\/xlink\" width=\"50\" zoomAndPan=\"magnify\" viewBox=\"0 0 37.5 37.499999\" height=\"50\" preserveAspectRatio=\"xMidYMid meet\"><defs><clipPath id=\"152c6bb82f\"><path d=\"M 0 5.691406 L 37 5.691406 L 37 31.59375 L 0 31.59375 Z M 0 5.691406 \" clip-rule=\"nonzero\"><\/path><\/clipPath><clipPath id=\"07404626f1\"><path d=\"M 33.304688 17.320312 L 34.488281 17.320312 L 34.488281 18.503906 L 33.304688 18.503906 Z M 33.304688 17.320312 \" clip-rule=\"nonzero\"><\/path><\/clipPath><clipPath id=\"47cf56a9d7\"><path d=\"M 33.898438 17.320312 C 33.570312 17.320312 33.304688 17.585938 33.304688 17.910156 C 33.304688 18.238281 33.570312 18.503906 33.898438 18.503906 C 34.226562 18.503906 34.488281 18.238281 34.488281 17.910156 C 34.488281 17.585938 34.226562 17.320312 33.898438 17.320312 Z M 33.898438 17.320312 \" clip-rule=\"nonzero\"><\/path><\/clipPath><clipPath id=\"9fbd65f3f7\"><path d=\"M 0.304688 0.320312 L 1.488281 0.320312 L 1.488281 1.503906 L 0.304688 1.503906 Z M 0.304688 0.320312 \" clip-rule=\"nonzero\"><\/path><\/clipPath><clipPath id=\"5d36e26918\"><path d=\"M 0.898438 0.320312 C 0.570312 0.320312 0.304688 0.585938 0.304688 0.910156 C 0.304688 1.238281 0.570312 1.503906 0.898438 1.503906 C 1.226562 1.503906 1.488281 1.238281 1.488281 0.910156 C 1.488281 0.585938 1.226562 0.320312 0.898438 0.320312 Z M 0.898438 0.320312 \" clip-rule=\"nonzero\"><\/path><\/clipPath><clipPath id=\"b328b9dd3a\"><rect x=\"0\" width=\"2\" y=\"0\" height=\"2\"><\/rect><\/clipPath><\/defs><g clip-path=\"url(#152c6bb82f)\"><path fill=\"#ffffff\" d=\"M 36.703125 18.898438 C 36.847656 18.542969 36.847656 18.183594 36.703125 17.824219 C 36.628906 17.652344 36.527344 17.5 36.394531 17.367188 L 25.128906 6.101562 C 24.996094 5.96875 24.84375 5.867188 24.671875 5.796875 C 24.5 5.722656 24.320312 5.6875 24.132812 5.6875 C 23.945312 5.6875 23.765625 5.726562 23.59375 5.796875 C 23.421875 5.867188 23.269531 5.96875 23.136719 6.101562 C 23.003906 6.234375 22.902344 6.386719 22.832031 6.558594 C 22.757812 6.730469 22.722656 6.910156 22.722656 7.097656 C 22.722656 7.285156 22.757812 7.464844 22.832031 7.636719 C 22.902344 7.808594 23.003906 7.960938 23.136719 8.09375 L 32 16.953125 L 1.605469 16.953125 C 1.417969 16.953125 1.238281 16.988281 1.066406 17.0625 C 0.894531 17.132812 0.742188 17.234375 0.609375 17.367188 C 0.480469 17.5 0.375 17.652344 0.304688 17.824219 C 0.234375 17.996094 0.199219 18.175781 0.199219 18.363281 C 0.199219 18.550781 0.234375 18.730469 0.304688 18.902344 C 0.375 19.074219 0.480469 19.226562 0.609375 19.359375 C 0.742188 19.488281 0.894531 19.59375 1.066406 19.664062 C 1.238281 19.734375 1.417969 19.769531 1.605469 19.769531 L 32 19.769531 L 23.140625 28.628906 C 23.007812 28.761719 22.90625 28.914062 22.832031 29.085938 C 22.761719 29.261719 22.726562 29.441406 22.726562 29.625 C 22.726562 29.8125 22.761719 29.992188 22.832031 30.167969 C 22.90625 30.339844 23.007812 30.492188 23.140625 30.625 C 23.273438 30.753906 23.425781 30.855469 23.597656 30.929688 C 23.769531 31 23.949219 31.035156 24.136719 31.035156 C 24.324219 31.035156 24.503906 31 24.675781 30.929688 C 24.847656 30.859375 25 30.757812 25.132812 30.625 L 36.398438 19.359375 C 36.527344 19.226562 36.628906 19.074219 36.703125 18.898438 Z M 36.703125 18.898438 \" fill-opacity=\"1\" fill-rule=\"nonzero\"><\/path><\/g><g clip-path=\"url(#07404626f1)\"><g clip-path=\"url(#47cf56a9d7)\"><g transform=\"matrix(1, 0, 0, 1, 33, 17)\"><g clip-path=\"url(#b328b9dd3a)\"><g clip-path=\"url(#9fbd65f3f7)\"><g clip-path=\"url(#5d36e26918)\"><path fill=\"#ffffff\" d=\"M 0.304688 0.320312 L 1.488281 0.320312 L 1.488281 1.503906 L 0.304688 1.503906 Z M 0.304688 0.320312 \" fill-opacity=\"1\" fill-rule=\"nonzero\"><\/path><\/g><\/g><\/g><\/g><\/g><\/g><\/svg>\t\t\t\t\t\t\t\t\t\t\t\t\t\t\t\t\t<\/span>\n\t\t\t\t\t\t\t\t\t\t\t\t\t\t\t\t\t\t\t\t\t\t<span class=\"elementor-button-text\">Wy\u015blij<\/span>\n\t\t\t\t\t\t\t\t\t\t\t\t\t<\/span>\n\t\t\t\t\t<\/button>\n\t\t\t\t<\/div>\n\t\t\t<\/div>\n\t\t<\/form>\n\t\t\t\t\t\t<\/div>\n\t\t\t\t<\/div>\n\t\t\t\t\t<\/div>\n\t\t<\/div>\n\t\t\t\t\t<\/div>\n\t\t<\/section>\n\t\t\t\t<\/div>\n\t\t","protected":false},"excerpt":{"rendered":"<p>\u041a\u043e\u043d\u0441\u0443\u043b\u044c\u0442\u0443\u0432\u0430\u043d\u043d\u044f \u0442\u0430 \u0444\u043e\u0440\u043c\u0430\u043b\u044c\u043d\u043e\u0441\u0442\u0456 \u041f\u0440\u043e\u043f\u043e\u043d\u0443\u0454\u043c\u043e \u0434\u043e\u043f\u043e\u043c\u043e\u0433\u0443 \u0432 \u043f\u0440\u0430\u0446\u0435\u0432\u043b\u0430\u0448\u0442\u0443\u0432\u0430\u043d\u043d\u0456 \u0456\u043d\u043e\u0437\u0435\u043c\u0446\u0456\u0432: \u043e\u0442\u0440\u0438\u043c\u0430\u043d\u043d\u044f \u0432\u0441\u0456\u0445 \u043f\u0435\u0440\u0435\u0434\u0431\u0430\u0447\u0435\u043d\u0438\u0445 \u0437\u0430\u043a\u043e\u043d\u043e\u043c \u0430\u0434\u043c\u0456\u043d\u0456\u0441\u0442\u0440\u0430\u0442\u0438\u0432\u043d\u0438\u0445 \u0434\u043e\u043a\u0443\u043c\u0435\u043d\u0442\u0456\u0432, \u043f\u043e\u0432'\u044f\u0437\u0430\u043d\u0438\u0445 \u0437 \u043b\u0435\u0433\u0430\u043b\u0456\u0437\u0430\u0446\u0456\u0454\u044e \u043f\u0435\u0440\u0435\u0431\u0443\u0432\u0430\u043d\u043d\u044f \u0442\u0430 \u0440\u043e\u0431\u043e\u0442\u0438. \u0412\u0438\u043d\u0438\u043a\u043b\u0438 \u043f\u0438\u0442\u0430\u043d\u043d\u044f? \u0417\u0430\u043b\u0438\u0448\u0442\u0435 \u043a\u043e\u043d\u0442\u0430\u043a\u0442 \u0456 \u043d\u0430\u0448\u0456 \u043a\u043e\u043d\u0441\u0443\u043b\u044c\u0442\u0430\u043d\u0442\u0438 \u0437\u0432'\u044f\u0436\u0443\u0442\u044c\u0441\u044f \u0437 \u0432\u0430\u043c\u0438<\/p>","protected":false},"author":1,"featured_media":0,"parent":3575,"menu_order":0,"comment_status":"closed","ping_status":"closed","template":"","meta":{"_acf_changed":false,"footnotes":""},"class_list":["post-268","page","type-page","status-publish","hentry"],"acf":[],"_links":{"self":[{"href":"https:\/\/www.topping-work.pl\/ua\/wp-json\/wp\/v2\/pages\/268","targetHints":{"allow":["GET"]}}],"collection":[{"href":"https:\/\/www.topping-work.pl\/ua\/wp-json\/wp\/v2\/pages"}],"about":[{"href":"https:\/\/www.topping-work.pl\/ua\/wp-json\/wp\/v2\/types\/page"}],"author":[{"embeddable":true,"href":"https:\/\/www.topping-work.pl\/ua\/wp-json\/wp\/v2\/users\/1"}],"replies":[{"embeddable":true,"href":"https:\/\/www.topping-work.pl\/ua\/wp-json\/wp\/v2\/comments?post=268"}],"version-history":[{"count":98,"href":"https:\/\/www.topping-work.pl\/ua\/wp-json\/wp\/v2\/pages\/268\/revisions"}],"predecessor-version":[{"id":4080,"href":"https:\/\/www.topping-work.pl\/ua\/wp-json\/wp\/v2\/pages\/268\/revisions\/4080"}],"up":[{"embeddable":true,"href":"https:\/\/www.topping-work.pl\/ua\/wp-json\/wp\/v2\/pages\/3575"}],"wp:attachment":[{"href":"https:\/\/www.topping-work.pl\/ua\/wp-json\/wp\/v2\/media?parent=268"}],"curies":[{"name":"wp","href":"https:\/\/api.w.org\/{rel}","templated":true}]}}