{"id":2052,"date":"2022-07-20T14:42:26","date_gmt":"2022-07-20T12:42:26","guid":{"rendered":"https:\/\/www.topping-work.eu\/?page_id=2052"},"modified":"2025-03-27T09:19:02","modified_gmt":"2025-03-27T08:19:02","slug":"%d1%96%d0%bd%d1%84%d0%be%d1%80%d0%bc%d0%b0%d1%86%d1%96%d0%b9%d0%bd%d0%b5-%d0%b7%d0%b0%d1%81%d1%82%d0%b5%d1%80%d0%b5%d0%b6%d0%b5%d0%bd%d0%bd%d1%8f-%d0%bf%d1%80%d0%be-%d1%80%d0%be%d0%b4%d0%be","status":"publish","type":"page","link":"https:\/\/www.topping-work.pl\/ua\/%d1%96%d0%bd%d1%84%d0%be%d1%80%d0%bc%d0%b0%d1%86%d1%96%d0%b9%d0%bd%d0%b5-%d0%b7%d0%b0%d1%81%d1%82%d0%b5%d1%80%d0%b5%d0%b6%d0%b5%d0%bd%d0%bd%d1%8f-%d0%bf%d1%80%d0%be-%d1%80%d0%be%d0%b4%d0%be\/","title":{"rendered":"\u0406\u043d\u0444\u043e\u0440\u043c\u0430\u0446\u0456\u0439\u043d\u0435 \u0437\u0430\u0441\u0442\u0435\u0440\u0435\u0436\u0435\u043d\u043d\u044f Rodo"},"content":{"rendered":"<div data-elementor-type=\"wp-page\" data-elementor-id=\"2052\" class=\"elementor elementor-2052\" data-elementor-post-type=\"page\">\n\t\t\t\t\t\t<section class=\"elementor-section elementor-top-section elementor-element elementor-element-9de9540 elementor-section-boxed elementor-section-height-default elementor-section-height-default\" data-id=\"9de9540\" data-element_type=\"section\" data-e-type=\"section\" data-settings=\"{&quot;background_background&quot;:&quot;classic&quot;}\">\n\t\t\t\t\t\t\t<div class=\"elementor-background-overlay\"><\/div>\n\t\t\t\t\t\t\t<div class=\"elementor-container elementor-column-gap-default\">\n\t\t\t\t\t<div class=\"elementor-column elementor-col-100 elementor-top-column elementor-element elementor-element-1e9ca7a\" data-id=\"1e9ca7a\" data-element_type=\"column\" data-e-type=\"column\">\n\t\t\t<div class=\"elementor-widget-wrap elementor-element-populated\">\n\t\t\t\t\t\t<div class=\"elementor-element elementor-element-51e8c9a elementor-widget elementor-widget-heading\" data-id=\"51e8c9a\" data-element_type=\"widget\" data-e-type=\"widget\" data-widget_type=\"heading.default\">\n\t\t\t\t<div class=\"elementor-widget-container\">\n\t\t\t\t\t<h1 class=\"elementor-heading-title elementor-size-default\">\u0406\u043d\u0444\u043e\u0440\u043c\u0430\u0446\u0456\u0439\u043d\u0435 \u0437\u0430\u0441\u0442\u0435\u0440\u0435\u0436\u0435\u043d\u043d\u044f<br \/><strong>\u0420\u041e\u0414\u041e<\/strong><\/h1>\t\t\t\t<\/div>\n\t\t\t\t<\/div>\n\t\t\t\t<div class=\"elementor-element elementor-element-ddf9172 elementor-widget-divider--view-line elementor-widget elementor-widget-divider\" data-id=\"ddf9172\" data-element_type=\"widget\" data-e-type=\"widget\" data-widget_type=\"divider.default\">\n\t\t\t\t<div class=\"elementor-widget-container\">\n\t\t\t\t\t\t\t<div class=\"elementor-divider\">\n\t\t\t<span class=\"elementor-divider-separator\">\n\t\t\t\t\t\t<\/span>\n\t\t<\/div>\n\t\t\t\t\t\t<\/div>\n\t\t\t\t<\/div>\n\t\t\t\t<div class=\"elementor-element elementor-element-c8edf08 document elementor-widget elementor-widget-text-editor\" data-id=\"c8edf08\" data-element_type=\"widget\" data-e-type=\"widget\" data-widget_type=\"text-editor.default\">\n\t\t\t\t<div class=\"elementor-widget-container\">\n\t\t\t\t\t\t\t\t\t<p>\u0412\u0456\u0434\u043f\u043e\u0432\u0456\u0434\u043d\u043e \u0434\u043e \u0441\u0442\u0430\u0442\u0442\u0456 13(1) \u0442\u0430 (2) \u0420\u0435\u0433\u043b\u0430\u043c\u0435\u043d\u0442\u0443 (\u0404\u0421) 2016\/679 \u0404\u0432\u0440\u043e\u043f\u0435\u0439\u0441\u044c\u043a\u043e\u0433\u043e \u041f\u0430\u0440\u043b\u0430\u043c\u0435\u043d\u0442\u0443 \u0442\u0430 \u0420\u0430\u0434\u0438 \u0432\u0456\u0434 27 \u043a\u0432\u0456\u0442\u043d\u044f 2016 \u0440\u043e\u043a\u0443 \u043f\u0440\u043e \u0437\u0430\u0445\u0438\u0441\u0442 \u0444\u0456\u0437\u0438\u0447\u043d\u0438\u0445 \u043e\u0441\u0456\u0431 \u0443 \u0437\u0432'\u044f\u0437\u043a\u0443 \u0437 \u043e\u0431\u0440\u043e\u0431\u043a\u043e\u044e \u043f\u0435\u0440\u0441\u043e\u043d\u0430\u043b\u044c\u043d\u0438\u0445 \u0434\u0430\u043d\u0438\u0445 \u0456 \u043f\u0440\u043e \u0432\u0456\u043b\u044c\u043d\u0438\u0439 \u0440\u0443\u0445 \u0442\u0430\u043a\u0438\u0445 \u0434\u0430\u043d\u0438\u0445 \u0442\u0430 \u043f\u0440\u043e \u0441\u043a\u0430\u0441\u0443\u0432\u0430\u043d\u043d\u044f \u0414\u0438\u0440\u0435\u043a\u0442\u0438\u0432\u0438 95\/46\/\u0404\u0421 (\u0417\u0430\u0433\u0430\u043b\u044c\u043d\u0438\u0439 \u0440\u0435\u0433\u043b\u0430\u043c\u0435\u043d\u0442 \u043f\u0440\u043e \u0437\u0430\u0445\u0438\u0441\u0442 \u0434\u0430\u043d\u0438\u0445), \u043d\u0430\u0434\u0430\u043b\u0456 - \u0420\u0435\u0433\u043b\u0430\u043c\u0435\u043d\u0442: \u0420\u041e\u0414\u041e, \u043f\u043e\u0432\u0456\u0434\u043e\u043c\u043b\u044f\u0454\u043c\u043e, \u0449\u043e:<\/p>\n<ol>\n<li>\u0410\u0434\u043c\u0456\u043d\u0456\u0441\u0442\u0440\u0430\u0442\u043e\u0440\u043e\u043c \u0432\u0430\u0448\u0438\u0445 \u0434\u0430\u043d\u0438\u0445 \u0454 Topping Work Europe sp. z o.o. ul. \u0141u\u017cycka 25a 59 - 900 Zgorzelec, NIP: 6152057322, \u0442\u0435\u043b.: +48 756408105, email: biuro@topping-work.pl, \u0434\u0430\u043b\u0456 - \u043a\u043e\u043c\u043f\u0430\u043d\u0456\u044f.<\/li>\n<li>\u0412\u0430\u0448\u0456 \u043f\u0435\u0440\u0441\u043e\u043d\u0430\u043b\u044c\u043d\u0456 \u0434\u0430\u043d\u0456 \u0431\u0443\u0434\u0443\u0442\u044c \u0437\u0430\u0445\u0438\u0449\u0435\u043d\u0456 \u0442\u0430 \u043e\u0431\u0440\u043e\u0431\u043b\u0435\u043d\u0456:\n<ul>\n<li>\u0432\u0438\u043a\u043e\u043d\u0430\u043d\u043d\u044f \u043a\u043e\u043d\u0442\u0440\u0430\u043a\u0442\u0456\u0432 (\u043d\u0430 \u043f\u0456\u0434\u0441\u0442\u0430\u0432\u0456 \u0441\u0442\u0430\u0442\u0442\u0456 6(1)(b) DPA),<\/li>\n<li>\u041c\u0430\u0440\u043a\u0435\u0442\u0438\u043d\u0433 \u0432\u043b\u0430\u0441\u043d\u0438\u0445 \u043f\u0440\u043e\u0434\u0443\u043a\u0442\u0456\u0432 \u0430\u0431\u043e \u043f\u043e\u0441\u043b\u0443\u0433 \u043a\u043e\u043c\u043f\u0430\u043d\u0456\u0457 (\u0441\u0442\u0430\u0442\u0442\u044f 6(1)(f)RODO) - \u0437\u0430\u043a\u043e\u043d\u043d\u0438\u0439 \u0456\u043d\u0442\u0435\u0440\u0435\u0441 \u043f\u043e\u043b\u044f\u0433\u0430\u0454 \u0432 \u0442\u043e\u043c\u0443, \u0449\u043e\u0431 \u0456\u043d\u0444\u043e\u0440\u043c\u0443\u0432\u0430\u0442\u0438 \u0432\u0430\u0441 \u043f\u0440\u043e \u043d\u0430\u0448\u0443 \u043a\u043e\u043c\u0435\u0440\u0446\u0456\u0439\u043d\u0443 \u043f\u0440\u043e\u043f\u043e\u0437\u0438\u0446\u0456\u044e,<\/li>\n<li>\u0440\u0435\u0430\u043b\u0456\u0437\u0430\u0446\u0456\u044f \u043d\u0430\u0448\u043e\u0433\u043e \u0437\u0430\u043a\u043e\u043d\u043d\u043e\u0433\u043e \u0456\u043d\u0442\u0435\u0440\u0435\u0441\u0443 \u0449\u043e\u0434\u043e \u0432\u0441\u0442\u0430\u043d\u043e\u0432\u043b\u0435\u043d\u043d\u044f, \u043f\u0440\u0435\u0434'\u044f\u0432\u043b\u0435\u043d\u043d\u044f \u0430\u0431\u043e \u0437\u0430\u0445\u0438\u0441\u0442\u0443 \u0432\u0456\u0434 \u043f\u0440\u0435\u0442\u0435\u043d\u0437\u0456\u0439, \u044f\u043a\u0449\u043e \u0442\u0430\u043a\u0456 \u0454 (\u043f\u0440\u0430\u0432\u043e\u0432\u043e\u044e \u043f\u0456\u0434\u0441\u0442\u0430\u0432\u043e\u044e \u0434\u043b\u044f \u043e\u0431\u0440\u043e\u0431\u043a\u0438 \u0454 \u0441\u0442\u0430\u0442\u0442\u044f 6(1)(f) RODO).<\/li>\n<\/ul>\n<\/li>\n<li>\u0412\u0430\u0448\u0456 \u043f\u0435\u0440\u0441\u043e\u043d\u0430\u043b\u044c\u043d\u0456 \u0434\u0430\u043d\u0456 \u0437\u0431\u0435\u0440\u0456\u0433\u0430\u0442\u0438\u043c\u0443\u0442\u044c\u0441\u044f \u043f\u0440\u043e\u0442\u044f\u0433\u043e\u043c \u043f\u0435\u0440\u0456\u043e\u0434\u0443, \u043d\u0435\u043e\u0431\u0445\u0456\u0434\u043d\u043e\u0433\u043e \u0434\u043b\u044f \u0434\u043e\u0441\u044f\u0433\u043d\u0435\u043d\u043d\u044f \u043c\u0435\u0442\u0438, \u0434\u043b\u044f \u044f\u043a\u043e\u0457 \u0432\u0438 \u043d\u0430\u0434\u0430\u043b\u0438 \u0441\u0432\u043e\u044e \u0437\u0433\u043e\u0434\u0443, \u0456\u0437 \u0441\u0438\u0441\u0442\u0435\u043c\u0430\u0442\u0438\u0447\u043d\u0438\u043c \u043f\u0435\u0440\u0435\u0433\u043b\u044f\u0434\u043e\u043c \u0434\u043b\u044f \u043e\u0446\u0456\u043d\u043a\u0438 \u0457\u0445 \u0430\u043a\u0442\u0443\u0430\u043b\u044c\u043d\u043e\u0441\u0442\u0456, \u0430\u043b\u0435 \u043d\u0435 \u0434\u043e\u0432\u0448\u0435 \u043d\u0456\u0436 \u043a\u043e\u0436\u043d\u0456 3 \u0440\u043e\u043a\u0438 \u0437 \u0434\u0430\u0442\u0438 \u0432\u043d\u0435\u0441\u0435\u043d\u043d\u044f. \u0417\u043e\u043a\u0440\u0435\u043c\u0430, \u0432\u043e\u043d\u0438 \u0431\u0443\u0434\u0443\u0442\u044c \u043e\u0431\u0440\u043e\u0431\u043b\u044f\u0442\u0438\u0441\u044f \u043f\u0440\u043e\u0442\u044f\u0433\u043e\u043c \u0442\u0435\u0440\u043c\u0456\u043d\u0443 \u0434\u0456\u0457 \u043e\u0444\u0435\u0440\u0442\u0438 \u0430\u0431\u043e \u0442\u0435\u0440\u043c\u0456\u043d\u0443 \u0434\u0456\u0457 \u0434\u043e\u0433\u043e\u0432\u043e\u0440\u0443, \u0430\u043b\u0435 \u043d\u0435 \u0434\u043e\u0432\u0448\u0435 \u0442\u0435\u0440\u043c\u0456\u043d\u0443 \u0434\u0456\u0457 \u0434\u043e\u0433\u043e\u0432\u043e\u0440\u0443 \u0430\u0431\u043e \u0434\u043e \u043c\u043e\u043c\u0435\u043d\u0442\u0443 \u0432\u0456\u0434\u043a\u043b\u0438\u043a\u0430\u043d\u043d\u044f \u0432\u0430\u043c\u0438 \u0441\u0432\u043e\u0454\u0457 \u0437\u0433\u043e\u0434\u0438. \u042f\u043a\u0449\u043e \u0434\u0430\u043d\u0456 \u043e\u0431\u0440\u043e\u0431\u043b\u044f\u044e\u0442\u044c\u0441\u044f \u0437 \u043c\u0435\u0442\u043e\u044e \u043d\u0430\u043f\u0440\u0430\u0432\u043b\u0435\u043d\u043d\u044f \u0432\u0430\u043c \u043c\u0430\u0440\u043a\u0435\u0442\u0438\u043d\u0433\u043e\u0432\u043e\u0433\u043e \u043a\u043e\u043d\u0442\u0435\u043d\u0442\u0443, \u0432\u043e\u043d\u0438 \u0431\u0443\u0434\u0443\u0442\u044c \u043e\u0431\u0440\u043e\u0431\u043b\u044f\u0442\u0438\u0441\u044f \u0434\u043e \u0442\u0438\u0445 \u043f\u0456\u0440, \u043f\u043e\u043a\u0438 \u0432\u0438 \u043d\u0435 \u0432\u0456\u0434\u043a\u043b\u0438\u0447\u0435\u0442\u0435 \u0441\u0432\u043e\u044e \u0437\u0433\u043e\u0434\u0443 \u0430\u0431\u043e \u043d\u0435 \u0437\u0430\u043f\u0435\u0440\u0435\u0447\u0438\u0442\u0435 \u043f\u0440\u043e\u0442\u0438 \u0442\u0430\u043a\u043e\u0457 \u043e\u0431\u0440\u043e\u0431\u043a\u0438. \u041f\u0435\u0440\u0456\u043e\u0434 \u043e\u0431\u0440\u043e\u0431\u043a\u0438 \u043f\u0435\u0440\u0441\u043e\u043d\u0430\u043b\u044c\u043d\u0438\u0445 \u0434\u0430\u043d\u0438\u0445 \u043c\u043e\u0436\u0435 \u0449\u043e\u0440\u0430\u0437\u0443 \u043f\u0440\u043e\u0434\u043e\u0432\u0436\u0443\u0432\u0430\u0442\u0438\u0441\u044f \u043d\u0430 \u0441\u0442\u0440\u043e\u043a \u043f\u043e\u0437\u043e\u0432\u043d\u043e\u0457 \u0434\u0430\u0432\u043d\u043e\u0441\u0442\u0456, \u044f\u043a\u0449\u043e \u043e\u0431\u0440\u043e\u0431\u043a\u0430 \u043f\u0435\u0440\u0441\u043e\u043d\u0430\u043b\u044c\u043d\u0438\u0445 \u0434\u0430\u043d\u0438\u0445 \u043d\u0435\u043e\u0431\u0445\u0456\u0434\u043d\u0430 ADO \u0434\u043b\u044f \u043f\u0440\u0435\u0434'\u044f\u0432\u043b\u0435\u043d\u043d\u044f \u0430\u0431\u043e \u0437\u0430\u0445\u0438\u0441\u0442\u0443 \u0432\u0456\u0434 \u043c\u043e\u0436\u043b\u0438\u0432\u0438\u0445 \u043f\u0440\u0435\u0442\u0435\u043d\u0437\u0456\u0439. \u041f\u0456\u0441\u043b\u044f \u0437\u0430\u043a\u0456\u043d\u0447\u0435\u043d\u043d\u044f \u0446\u044c\u043e\u0433\u043e \u0442\u0435\u0440\u043c\u0456\u043d\u0443 \u0434\u0430\u043d\u0456 \u0431\u0443\u0434\u0443\u0442\u044c \u043e\u0431\u0440\u043e\u0431\u043b\u044f\u0442\u0438\u0441\u044f \u0442\u0456\u043b\u044c\u043a\u0438 \u0432 \u043e\u0431\u0441\u044f\u0437\u0456 \u0456 \u043f\u0440\u043e\u0442\u044f\u0433\u043e\u043c \u0442\u0435\u0440\u043c\u0456\u043d\u0443, \u043f\u0435\u0440\u0435\u0434\u0431\u0430\u0447\u0435\u043d\u043e\u0433\u043e \u0437\u0430\u043a\u043e\u043d\u043e\u0434\u0430\u0432\u0441\u0442\u0432\u043e\u043c, \u0432 \u0442\u043e\u043c\u0443 \u0447\u0438\u0441\u043b\u0456 \u043f\u043e\u0434\u0430\u0442\u043a\u043e\u0432\u0438\u043c \u0456 \u0431\u0443\u0445\u0433\u0430\u043b\u0442\u0435\u0440\u0441\u044c\u043a\u0438\u043c \u0437\u0430\u043a\u043e\u043d\u043e\u0434\u0430\u0432\u0441\u0442\u0432\u043e\u043c.<\/li>\n<li>\u0412\u0438 \u043c\u0430\u0454\u0442\u0435 \u043f\u0440\u0430\u0432\u043e \u0434\u043e\u0441\u0442\u0443\u043f \u0434\u043e \u0437\u043c\u0456\u0441\u0442\u0443 \u0441\u0432\u043e\u0457\u0445 \u043f\u0435\u0440\u0441\u043e\u043d\u0430\u043b\u044c\u043d\u0438\u0445 \u0434\u0430\u043d\u0438\u0445, \u0443 \u0442\u043e\u043c\u0443 \u0447\u0438\u0441\u043b\u0456 \u0432\u0438\u043c\u0430\u0433\u0430\u0442\u0438 \u043e\u0442\u0440\u0438\u043c\u0430\u043d\u043d\u044f \u043a\u043e\u043f\u0456\u0457 \u0441\u0432\u043e\u0457\u0445 \u043f\u0435\u0440\u0441\u043e\u043d\u0430\u043b\u044c\u043d\u0438\u0445 \u0434\u0430\u043d\u0438\u0445 \u0442\u0430 \u0432\u0438\u043c\u0430\u0433\u0430\u0442\u0438 \u0432\u0438\u043f\u0440\u0430\u0432\u043b\u0435\u043d\u043d\u044f \u0441\u0432\u043e\u0457\u0445 \u043f\u0435\u0440\u0441\u043e\u043d\u0430\u043b\u044c\u043d\u0438\u0445 \u0434\u0430\u043d\u0438\u0445, \u0432\u0438\u0434\u0430\u043b\u0435\u043d\u043d\u044f \u0441\u0432\u043e\u0457\u0445 \u043f\u0435\u0440\u0441\u043e\u043d\u0430\u043b\u044c\u043d\u0438\u0445 \u0434\u0430\u043d\u0438\u0445 (\u043f\u0440\u0430\u0432\u043e \u043d\u0430 \u0437\u0430\u0431\u0443\u0442\u0442\u044f), \u043e\u0431\u043c\u0435\u0436\u0435\u043d\u043d\u044f \u043e\u0431\u0440\u043e\u0431\u043a\u0438 \u0441\u0432\u043e\u0457\u0445 \u043f\u0435\u0440\u0441\u043e\u043d\u0430\u043b\u044c\u043d\u0438\u0445 \u0434\u0430\u043d\u0438\u0445, \u043f\u0435\u0440\u0435\u0434\u0430\u0447\u0443 \u0441\u0432\u043e\u0457\u0445 \u043f\u0435\u0440\u0441\u043e\u043d\u0430\u043b\u044c\u043d\u0438\u0445 \u0434\u0430\u043d\u0438\u0445 \u0456\u043d\u0448\u043e\u043c\u0443 \u043a\u043e\u043d\u0442\u0440\u043e\u043b\u0435\u0440\u0443, \u0437\u0430\u043f\u0435\u0440\u0435\u0447\u0435\u043d\u043d\u044f \u043f\u0440\u043e\u0442\u0438 \u043e\u0431\u0440\u043e\u0431\u043a\u0438 \u0441\u0432\u043e\u0457\u0445 \u043f\u0435\u0440\u0441\u043e\u043d\u0430\u043b\u044c\u043d\u0438\u0445 \u0434\u0430\u043d\u0438\u0445, \u0443 \u0442\u043e\u043c\u0443 \u0447\u0438\u0441\u043b\u0456 \u043f\u0440\u043e\u0444\u0456\u043b\u044e\u0432\u0430\u043d\u043d\u044f, \u0442\u0430 \u0434\u043b\u044f \u0446\u0456\u043b\u0435\u0439 \u043f\u0440\u044f\u043c\u043e\u0433\u043e \u043c\u0430\u0440\u043a\u0435\u0442\u0438\u043d\u0433\u0443, \u043f\u0440\u0430\u0432\u043e \u0432\u0456\u0434\u043a\u043b\u0438\u043a\u0430\u0442\u0438 \u0437\u0433\u043e\u0434\u0443, \u044f\u043a\u0449\u043e \u043a\u043e\u043c\u043f\u0430\u043d\u0456\u044f \u0431\u0443\u0434\u0435 \u043e\u0431\u0440\u043e\u0431\u043b\u044f\u0442\u0438 \u0432\u0430\u0448\u0456 \u043f\u0435\u0440\u0441\u043e\u043d\u0430\u043b\u044c\u043d\u0456 \u0434\u0430\u043d\u0456 \u043d\u0430 \u043f\u0456\u0434\u0441\u0442\u0430\u0432\u0456 \u0437\u0433\u043e\u0434\u0438, \u0432 \u0431\u0443\u0434\u044c-\u044f\u043a\u0438\u0439 \u0447\u0430\u0441 \u0456 \u0432 \u0431\u0443\u0434\u044c-\u044f\u043a\u0438\u0439 \u0441\u043f\u043e\u0441\u0456\u0431, \u043d\u0435 \u0432\u043f\u043b\u0438\u0432\u0430\u044e\u0447\u0438 \u043d\u0430 \u0437\u0430\u043a\u043e\u043d\u043d\u0456\u0441\u0442\u044c \u043e\u0431\u0440\u043e\u0431\u043a\u0438, \u0437\u0434\u0456\u0439\u0441\u043d\u0435\u043d\u043e\u0457 \u043d\u0430 \u043f\u0456\u0434\u0441\u0442\u0430\u0432\u0456 \u0437\u0433\u043e\u0434\u0438 \u0434\u043e \u0457\u0457 \u0432\u0456\u0434\u043a\u043b\u0438\u043a\u0430\u043d\u043d\u044f, \u043f\u0440\u0430\u0432\u043e \u043f\u043e\u0434\u0430\u0442\u0438 \u0441\u043a\u0430\u0440\u0433\u0443 \u0433\u043e\u043b\u043e\u0432\u0456 \u0423\u043f\u0440\u0430\u0432\u043b\u0456\u043d\u043d\u044f \u0437 \u043f\u0438\u0442\u0430\u043d\u044c \u0437\u0430\u0445\u0438\u0441\u0442\u0443 \u043f\u0435\u0440\u0441\u043e\u043d\u0430\u043b\u044c\u043d\u0438\u0445 \u0434\u0430\u043d\u0438\u0445, \u044f\u043a\u0449\u043e \u0432\u0438 \u0432\u0432\u0430\u0436\u0430\u0454\u0442\u0435, \u0449\u043e \u043e\u0431\u0440\u043e\u0431\u043a\u0430 \u0432\u0430\u0448\u0438\u0445 \u043f\u0435\u0440\u0441\u043e\u043d\u0430\u043b\u044c\u043d\u0438\u0445 \u0434\u0430\u043d\u0438\u0445 \u043f\u043e\u0440\u0443\u0448\u0443\u0454 \u043f\u043e\u043b\u043e\u0436\u0435\u043d\u043d\u044f RODO.<\/li>\n<li>\u0412\u0438 \u043c\u0430\u0454\u0442\u0435 \u043f\u0440\u0430\u0432\u043e \u0437\u0430\u043f\u0435\u0440\u0435\u0447\u0438\u0442\u0438 \u043f\u0440\u043e\u0442\u0438 \u043e\u0431\u0440\u043e\u0431\u043a\u0438 \u0432\u0430\u0448\u0438\u0445 \u043f\u0435\u0440\u0441\u043e\u043d\u0430\u043b\u044c\u043d\u0438\u0445 \u0434\u0430\u043d\u0438\u0445 \u0437 \u043c\u0435\u0442\u043e\u044e \u043d\u0430\u043f\u0440\u0430\u0432\u043b\u0435\u043d\u043d\u044f \u0432\u0430\u043c \u043c\u0430\u0440\u043a\u0435\u0442\u0438\u043d\u0433\u043e\u0432\u043e\u0433\u043e \u043a\u043e\u043d\u0442\u0435\u043d\u0442\u0443. \u041a\u0440\u0456\u043c \u0442\u043e\u0433\u043e, \u0432\u0438 \u043c\u0430\u0454\u0442\u0435 \u043f\u0440\u0430\u0432\u043e \u0437\u0430\u043f\u0435\u0440\u0435\u0447\u0443\u0432\u0430\u0442\u0438 \u043f\u0440\u043e\u0442\u0438 \u043e\u0431\u0440\u043e\u0431\u043a\u0438 \u043f\u0435\u0440\u0441\u043e\u043d\u0430\u043b\u044c\u043d\u0438\u0445 \u0434\u0430\u043d\u0438\u0445 \u0434\u043b\u044f \u0446\u0456\u043b\u0435\u0439, \u0449\u043e \u0432\u0438\u043f\u043b\u0438\u0432\u0430\u044e\u0442\u044c \u0456\u0437 \u0437\u0430\u043a\u043e\u043d\u043d\u0438\u0445 \u0456\u043d\u0442\u0435\u0440\u0435\u0441\u0456\u0432 \u043a\u043e\u043c\u043f\u0430\u043d\u0456\u0457, \u043d\u0430 \u043f\u0456\u0434\u0441\u0442\u0430\u0432\u0430\u0445, \u0449\u043e \u0441\u0442\u043e\u0441\u0443\u044e\u0442\u044c\u0441\u044f \u0432\u0430\u0448\u043e\u0457 \u043a\u043e\u043d\u043a\u0440\u0435\u0442\u043d\u043e\u0457 \u0441\u0438\u0442\u0443\u0430\u0446\u0456\u0457.<\/li>\n<li>\u041d\u0430\u0434\u0430\u043d\u043d\u044f \u0412\u0430\u043c\u0438 \u043f\u0435\u0440\u0441\u043e\u043d\u0430\u043b\u044c\u043d\u0438\u0445 \u0434\u0430\u043d\u0438\u0445 \u0454 \u0434\u043e\u0431\u0440\u043e\u0432\u0456\u043b\u044c\u043d\u0438\u043c, \u0430\u043b\u0435 \u043d\u0435\u043e\u0431\u0445\u0456\u0434\u043d\u0438\u043c \u0434\u043b\u044f \u043e\u0444\u043e\u0440\u043c\u043b\u0435\u043d\u043d\u044f \u0442\u0430 \u043e\u0431\u0440\u043e\u0431\u043a\u0438 \u0412\u0430\u0448\u043e\u0433\u043e \u0437\u0430\u043c\u043e\u0432\u043b\u0435\u043d\u043d\u044f \u0442\u0430 \u043a\u043e\u0440\u0438\u0441\u0442\u0443\u0432\u0430\u043d\u043d\u044f \u043f\u043e\u0441\u043b\u0443\u0433\u0430\u043c\u0438 \u0410\u0433\u0435\u043d\u0446\u0456\u0457.<\/li>\n<li>\u0412\u0430\u0448\u0456 \u043f\u0435\u0440\u0441\u043e\u043d\u0430\u043b\u044c\u043d\u0456 \u0434\u0430\u043d\u0456 \u043d\u0435 \u043f\u0456\u0434\u043b\u044f\u0433\u0430\u0442\u0438\u043c\u0443\u0442\u044c \u043f\u0440\u043e\u0444\u0456\u043b\u044e\u0432\u0430\u043d\u043d\u044e.<\/li>\n<\/ol>\t\t\t\t\t\t\t\t<\/div>\n\t\t\t\t<\/div>\n\t\t\t\t\t<\/div>\n\t\t<\/div>\n\t\t\t\t\t<\/div>\n\t\t<\/section>\n\t\t\t\t<\/div>","protected":false},"excerpt":{"rendered":"<p>Klauzula informacyjnaRODO Zgodnie z art. 13 ust. 1 i ust. 2 rozporz\u0105dzenia Parlamentu Europejskiego i Rady (UE) 2016\/679 z dnia 27 kwietnia 2016 r. w sprawie ochrony os\u00f3b fizycznych w zwi\u0105zku z przetwarzaniem danych osobowych i w sprawie swobodnego przep\u0142ywu takich danych oraz uchylenia dyrektywy 95\/46\/WE (og\u00f3lne rozporz\u0105dzenie o ochronie danych), dalej jako: RODO, informujemy, [&hellip;]<\/p>\n","protected":false},"author":1,"featured_media":0,"parent":0,"menu_order":0,"comment_status":"closed","ping_status":"closed","template":"","meta":{"_acf_changed":false,"footnotes":""},"class_list":["post-2052","page","type-page","status-publish","hentry"],"acf":[],"_links":{"self":[{"href":"https:\/\/www.topping-work.pl\/ua\/wp-json\/wp\/v2\/pages\/2052","targetHints":{"allow":["GET"]}}],"collection":[{"href":"https:\/\/www.topping-work.pl\/ua\/wp-json\/wp\/v2\/pages"}],"about":[{"href":"https:\/\/www.topping-work.pl\/ua\/wp-json\/wp\/v2\/types\/page"}],"author":[{"embeddable":true,"href":"https:\/\/www.topping-work.pl\/ua\/wp-json\/wp\/v2\/users\/1"}],"replies":[{"embeddable":true,"href":"https:\/\/www.topping-work.pl\/ua\/wp-json\/wp\/v2\/comments?post=2052"}],"version-history":[{"count":45,"href":"https:\/\/www.topping-work.pl\/ua\/wp-json\/wp\/v2\/pages\/2052\/revisions"}],"predecessor-version":[{"id":3091,"href":"https:\/\/www.topping-work.pl\/ua\/wp-json\/wp\/v2\/pages\/2052\/revisions\/3091"}],"wp:attachment":[{"href":"https:\/\/www.topping-work.pl\/ua\/wp-json\/wp\/v2\/media?parent=2052"}],"curies":[{"name":"wp","href":"https:\/\/api.w.org\/{rel}","templated":true}]}}