{"id":2821,"date":"2024-10-24T13:00:36","date_gmt":"2024-10-24T11:00:36","guid":{"rendered":"https:\/\/www.topping-work.pl\/?page_id=2821"},"modified":"2026-01-02T14:58:11","modified_gmt":"2026-01-02T13:58:11","slug":"logistics-and-storage","status":"publish","type":"page","link":"https:\/\/www.topping-work.pl\/en\/job-offers\/logistics-and-storage\/","title":{"rendered":"Logistics and Warehousing"},"content":{"rendered":"<div data-elementor-type=\"wp-page\" data-elementor-id=\"2821\" class=\"elementor elementor-2821\" data-elementor-post-type=\"page\">\n\t\t\t\t\t\t<section class=\"elementor-section elementor-top-section elementor-element elementor-element-6c9c577 elementor-section-boxed elementor-section-height-default elementor-section-height-default\" data-id=\"6c9c577\" data-element_type=\"section\" data-e-type=\"section\" data-settings=\"{&quot;background_background&quot;:&quot;classic&quot;}\">\n\t\t\t\t\t\t\t<div class=\"elementor-background-overlay\"><\/div>\n\t\t\t\t\t\t\t<div class=\"elementor-container elementor-column-gap-default\">\n\t\t\t\t\t<div class=\"elementor-column elementor-col-50 elementor-top-column elementor-element elementor-element-64a4008\" data-id=\"64a4008\" data-element_type=\"column\" data-e-type=\"column\">\n\t\t\t<div class=\"elementor-widget-wrap elementor-element-populated\">\n\t\t\t\t\t\t<div class=\"elementor-element elementor-element-cfb64d8 elementor-view-default elementor-widget elementor-widget-icon\" data-id=\"cfb64d8\" data-element_type=\"widget\" data-e-type=\"widget\" data-widget_type=\"icon.default\">\n\t\t\t\t<div class=\"elementor-widget-container\">\n\t\t\t\t\t\t\t<div class=\"elementor-icon-wrapper\">\n\t\t\t<div class=\"elementor-icon\">\n\t\t\t<svg xmlns=\"http:\/\/www.w3.org\/2000\/svg\" xmlns:xlink=\"http:\/\/www.w3.org\/1999\/xlink\" width=\"50\" viewbox=\"0 0 37.5 37.499999\" height=\"50\" preserveaspectratio=\"xMidYMid meet\"><defs><clippath id=\"168eb44e6d\"><path d=\"M 1.839844 1.839844 L 35.144531 1.839844 L 35.144531 35.144531 L 1.839844 35.144531 Z M 1.839844 1.839844 \" clip-rule=\"nonzero\"><\/path><\/clippath><clippath id=\"dee5017e6f\"><path d=\"M 33.304688 20.144531 L 34.488281 20.144531 L 34.488281 21.328125 L 33.304688 21.328125 Z M 33.304688 20.144531 \" clip-rule=\"nonzero\"><\/path><\/clippath><clippath id=\"e4be77d02e\"><path d=\"M 33.898438 20.144531 C 33.570312 20.144531 33.304688 20.410156 33.304688 20.734375 C 33.304688 21.0625 33.570312 21.328125 33.898438 21.328125 C 34.226562 21.328125 34.488281 21.0625 34.488281 20.734375 C 34.488281 20.410156 34.226562 20.144531 33.898438 20.144531 Z M 33.898438 20.144531 \" clip-rule=\"nonzero\"><\/path><\/clippath><\/defs><path fill=\"#ffffff\" d=\"M 13.125 29.78125 C 12.234375 29.78125 11.511719 30.503906 11.511719 31.394531 C 11.511719 32.285156 12.234375 33.007812 13.125 33.007812 C 14.011719 33.007812 14.734375 32.285156 14.734375 31.394531 C 14.734375 30.503906 14.011719 29.78125 13.125 29.78125 Z M 13.125 31.933594 C 12.828125 31.933594 12.585938 31.691406 12.585938 31.394531 C 12.585938 31.097656 12.828125 30.855469 13.125 30.855469 C 13.417969 30.855469 13.660156 31.097656 13.660156 31.394531 C 13.660156 31.691406 13.417969 31.933594 13.125 31.933594 Z M 13.125 31.933594 \" fill-opacity=\"1\" fill-rule=\"nonzero\"><\/path><path fill=\"#ffffff\" d=\"M 30.320312 29.78125 C 29.429688 29.78125 28.707031 30.503906 28.707031 31.394531 C 28.707031 32.285156 29.429688 33.007812 30.320312 33.007812 C 31.207031 33.007812 31.933594 32.285156 31.933594 31.394531 C 31.933594 30.503906 31.207031 29.78125 30.320312 29.78125 Z M 30.320312 31.933594 C 30.023438 31.933594 29.78125 31.691406 29.78125 31.394531 C 29.78125 31.097656 30.023438 30.855469 30.320312 30.855469 C 30.617188 30.855469 30.855469 31.097656 30.855469 31.394531 C 30.855469 31.691406 30.617188 31.933594 30.320312 31.933594 Z M 30.320312 31.933594 \" fill-opacity=\"1\" fill-rule=\"nonzero\"><\/path><g clip-path=\"url(#168eb44e6d)\"><path fill=\"#ffffff\" d=\"M 34.082031 20.109375 L 29.183594 20.109375 L 28.34375 13.394531 C 28.207031 12.320312 27.292969 11.511719 26.210938 11.511719 L 16.507812 11.511719 C 15.539062 11.511719 14.683594 12.164062 14.433594 13.101562 L 13.660156 15.96875 L 13.660156 2.914062 C 13.660156 2.320312 13.179688 1.839844 12.585938 1.839844 L 11.511719 1.839844 C 10.917969 1.839844 10.4375 2.320312 10.4375 2.914062 L 10.4375 9.363281 L 9.246094 9.363281 L 8.910156 8.027344 C 8.789062 7.546875 8.363281 7.210938 7.867188 7.210938 L 6.136719 7.210938 C 6.136719 6.621094 5.65625 6.136719 5.0625 6.136719 L 3.988281 6.136719 C 3.394531 6.136719 2.914062 6.621094 2.914062 7.210938 L 2.914062 20.109375 C 2.320312 20.109375 1.839844 20.589844 1.839844 21.183594 L 1.839844 22.257812 C 1.839844 22.851562 2.320312 23.332031 2.914062 23.332031 L 10.4375 23.332031 L 10.4375 28.765625 C 9.773438 29.445312 9.363281 30.375 9.363281 31.394531 C 9.363281 33.46875 11.050781 35.15625 13.125 35.15625 C 14.621094 35.15625 15.914062 34.277344 16.515625 33.007812 L 26.925781 33.007812 C 27.53125 34.277344 28.824219 35.15625 30.320312 35.15625 C 32.394531 35.15625 34.082031 33.46875 34.082031 31.394531 C 34.082031 30.742188 33.914062 30.128906 33.621094 29.589844 L 34.726562 28.761719 C 34.996094 28.558594 35.15625 28.238281 35.15625 27.902344 L 35.15625 21.183594 C 35.15625 20.589844 34.675781 20.109375 34.082031 20.109375 Z M 15.472656 13.382812 C 15.597656 12.914062 16.023438 12.585938 16.507812 12.585938 L 26.210938 12.585938 C 26.75 12.585938 27.210938 12.992188 27.277344 13.527344 L 28.097656 20.109375 L 27.53125 20.109375 C 27.46875 20.109375 27.410156 20.117188 27.351562 20.125 L 26.617188 14.59375 C 26.542969 14.0625 26.085938 13.660156 25.550781 13.660156 L 17.296875 13.660156 C 16.8125 13.660156 16.386719 13.988281 16.257812 14.453125 L 13.25 25.484375 L 12.214844 25.484375 Z M 13.125 27.632812 C 12.546875 27.632812 12 27.769531 11.511719 28 L 11.511719 26.558594 L 16.015625 26.558594 L 16.792969 28.113281 C 16.976562 28.480469 17.34375 28.707031 17.753906 28.707031 L 27.691406 28.707031 C 27.375 29.015625 27.117188 29.378906 26.925781 29.78125 L 16.515625 29.78125 C 15.914062 28.515625 14.621094 27.632812 13.125 27.632812 Z M 14.949219 23.332031 L 17.484375 23.332031 C 17.746094 23.332031 17.960938 23.546875 17.960938 23.808594 C 17.960938 23.828125 17.960938 23.847656 17.957031 23.867188 L 17.539062 27.203125 L 16.976562 26.078125 C 16.792969 25.710938 16.425781 25.484375 16.015625 25.484375 L 14.363281 25.484375 Z M 26.148438 27.632812 L 26.261719 27.09375 L 28.707031 27.09375 L 28.707031 27.632812 Z M 28.707031 26.019531 L 26.492188 26.019531 L 26.609375 25.484375 L 28.707031 25.484375 Z M 25.046875 27.632812 L 21.390625 27.632812 L 22.109375 25.484375 L 25.507812 25.484375 Z M 22.109375 24.410156 C 21.644531 24.410156 21.234375 24.703125 21.089844 25.144531 L 20.257812 27.632812 L 18.570312 27.632812 L 19.023438 24 C 19.03125 23.9375 19.035156 23.871094 19.035156 23.808594 C 19.035156 23.195312 18.671875 22.667969 18.152344 22.417969 L 18.691406 21.074219 L 19.871094 21.664062 L 20.351562 20.703125 L 17.125 19.089844 L 16.644531 20.050781 L 17.726562 20.59375 L 17.058594 22.257812 L 15.246094 22.257812 L 17.296875 14.734375 L 25.550781 14.734375 L 26.417969 21.242188 L 25.738281 24.410156 Z M 12.585938 2.914062 L 12.585938 19.960938 L 11.511719 23.953125 L 11.511719 2.914062 Z M 7.867188 8.289062 L 8.203125 9.621094 C 8.320312 10.101562 8.75 10.4375 9.246094 10.4375 L 10.4375 10.4375 L 10.4375 17.960938 L 9.246094 17.960938 C 8.75 17.960938 8.320312 18.296875 8.203125 18.773438 L 7.867188 20.109375 L 6.136719 20.109375 L 6.136719 16.886719 L 8.289062 16.886719 C 8.878906 16.886719 9.363281 16.402344 9.363281 15.8125 L 9.363281 12.585938 C 9.363281 11.992188 8.878906 11.511719 8.289062 11.511719 L 6.136719 11.511719 L 6.136719 8.289062 Z M 6.136719 15.8125 L 6.136719 12.585938 L 8.289062 12.585938 L 8.289062 15.8125 Z M 3.988281 7.210938 L 5.0625 7.210938 L 5.0625 20.109375 L 3.988281 20.109375 Z M 2.914062 22.257812 L 2.914062 21.183594 L 7.867188 21.183594 C 8.363281 21.183594 8.789062 20.851562 8.910156 20.371094 L 9.246094 19.035156 L 10.4375 19.035156 L 10.4375 22.257812 Z M 13.125 34.082031 C 11.640625 34.082031 10.4375 32.875 10.4375 31.394531 C 10.4375 29.914062 11.640625 28.707031 13.125 28.707031 C 14.605469 28.707031 15.8125 29.914062 15.8125 31.394531 C 15.8125 32.875 14.605469 34.082031 13.125 34.082031 Z M 16.84375 31.933594 C 16.867188 31.753906 16.886719 31.578125 16.886719 31.394531 C 16.886719 31.210938 16.867188 31.035156 16.84375 30.855469 L 26.601562 30.855469 C 26.574219 31.035156 26.558594 31.210938 26.558594 31.394531 C 26.558594 31.578125 26.574219 31.753906 26.601562 31.933594 Z M 30.320312 34.082031 C 28.839844 34.082031 27.632812 32.875 27.632812 31.394531 C 27.632812 29.914062 28.839844 28.707031 30.320312 28.707031 C 31.800781 28.707031 33.007812 29.914062 33.007812 31.394531 C 33.007812 32.875 31.800781 34.082031 30.320312 34.082031 Z M 34.082031 27.902344 L 32.972656 28.734375 C 32.292969 28.054688 31.355469 27.632812 30.320312 27.632812 L 29.78125 27.632812 L 29.78125 25.484375 C 29.78125 24.890625 29.300781 24.410156 28.707031 24.410156 L 26.839844 24.410156 L 27.53125 21.183594 L 34.082031 21.183594 Z M 34.082031 27.902344 \" fill-opacity=\"1\" fill-rule=\"nonzero\"><\/path><\/g><g clip-path=\"url(#dee5017e6f)\"><g clip-path=\"url(#e4be77d02e)\"><path fill=\"#ffffff\" d=\"M 33.304688 20.144531 L 34.488281 20.144531 L 34.488281 21.328125 L 33.304688 21.328125 Z M 33.304688 20.144531 \" fill-opacity=\"1\" fill-rule=\"nonzero\"><\/path><\/g><\/g><\/svg>\t\t\t<\/div>\n\t\t<\/div>\n\t\t\t\t\t\t<\/div>\n\t\t\t\t<\/div>\n\t\t\t\t<div class=\"elementor-element elementor-element-e262949 elementor-widget elementor-widget-heading\" data-id=\"e262949\" data-element_type=\"widget\" data-e-type=\"widget\" data-widget_type=\"heading.default\">\n\t\t\t\t<div class=\"elementor-widget-container\">\n\t\t\t\t\t<h1 class=\"elementor-heading-title elementor-size-default\">Logistics and warehousing<br \/><strong>Job offers<\/strong><\/h1>\t\t\t\t<\/div>\n\t\t\t\t<\/div>\n\t\t\t\t<div class=\"elementor-element elementor-element-28483ce elementor-widget elementor-widget-text-editor\" data-id=\"28483ce\" data-element_type=\"widget\" data-e-type=\"widget\" data-widget_type=\"text-editor.default\">\n\t\t\t\t<div class=\"elementor-widget-container\">\n\t\t\t\t\t\t\t\t\t<p>Please note that this announcement and communication are addressed to all persons, regardless of gender, nationality, or age.<\/p>\t\t\t\t\t\t\t\t<\/div>\n\t\t\t\t<\/div>\n\t\t\t\t<div class=\"elementor-element elementor-element-4b007cc elementor-widget-divider--view-line elementor-widget elementor-widget-divider\" data-id=\"4b007cc\" data-element_type=\"widget\" data-e-type=\"widget\" data-widget_type=\"divider.default\">\n\t\t\t\t<div class=\"elementor-widget-container\">\n\t\t\t\t\t\t\t<div class=\"elementor-divider\">\n\t\t\t<span class=\"elementor-divider-separator\">\n\t\t\t\t\t\t<\/span>\n\t\t<\/div>\n\t\t\t\t\t\t<\/div>\n\t\t\t\t<\/div>\n\t\t\t\t<div class=\"elementor-element elementor-element-1025337 elementor-widget elementor-widget-text-editor\" data-id=\"1025337\" data-element_type=\"widget\" data-e-type=\"widget\" data-widget_type=\"text-editor.default\">\n\t\t\t\t<div class=\"elementor-widget-container\">\n\t\t\t\t\t\t\t\t\t<p>Take a look at our current job vacancies in the following categories <strong>logistics and storage<\/strong>! Join us and find the perfect career path that matches your qualifications and aspirations.<\/p>\t\t\t\t\t\t\t\t<\/div>\n\t\t\t\t<\/div>\n\t\t\t\t\t<\/div>\n\t\t<\/div>\n\t\t\t\t<div class=\"elementor-column elementor-col-50 elementor-top-column elementor-element elementor-element-0d7fb2a\" data-id=\"0d7fb2a\" data-element_type=\"column\" data-e-type=\"column\">\n\t\t\t<div class=\"elementor-widget-wrap\">\n\t\t\t\t\t\t\t<\/div>\n\t\t<\/div>\n\t\t\t\t\t<\/div>\n\t\t<\/section>\n\t\t\t\t<section class=\"elementor-section elementor-top-section elementor-element elementor-element-5020baa elementor-section-boxed elementor-section-height-default elementor-section-height-default\" data-id=\"5020baa\" data-element_type=\"section\" data-e-type=\"section\">\n\t\t\t\t\t\t<div class=\"elementor-container elementor-column-gap-default\">\n\t\t\t\t\t<div class=\"elementor-column elementor-col-100 elementor-top-column elementor-element elementor-element-97c8d39\" data-id=\"97c8d39\" data-element_type=\"column\" data-e-type=\"column\">\n\t\t\t<div class=\"elementor-widget-wrap elementor-element-populated\">\n\t\t\t\t\t\t<div class=\"elementor-element elementor-element-dc79663 elementor-widget elementor-widget-shortcode\" data-id=\"dc79663\" data-element_type=\"widget\" data-e-type=\"widget\" data-widget_type=\"shortcode.default\">\n\t\t\t\t<div class=\"elementor-widget-container\">\n\t\t\t\t\t\t\t<div class=\"elementor-shortcode\"><div class=\"hrappka-job-listings\"><div class=\"hrappka-job\"><h2>Car Wash Operator<\/h2><div class=\"job-offer\"><div class=\"first-col\"><p class=\"salary\"><strong>Monthly rate:<\/strong> 5 000,00 - 6 000,00 PLN<\/p><p><strong>Locality:<\/strong> Zgorzelec<\/p><p><strong>Number of hours per month:<\/strong> Up to 200h<\/p><p><strong>Number of jobs available:<\/strong> 1<\/p><p><strong>Length of employment:<\/strong> 12 to 18 months<\/p><p><strong>Experience:<\/strong> Experience mi. 6 months<\/p><p><strong>Knowledge of the Polish language:<\/strong> Intermediate<\/p><\/div><div class=\"sec-col\"><p><strong>Job Description:<\/strong> The car wash operator cleans customers' cars. Cleaning ranges from washing the bodywork and windows on the outside to all parts inside the vehicle. Cleaning can take place either in manual or automatic car washes - the scope of the operator's duties depends on this.<\/p><p><strong>Flat fee:<\/strong> 650 PLN<\/p><p><strong>Food:<\/strong> Not guaranteed<\/p><\/div><div class=\"third-col\"><a class=\"apply-link\" href=\"https:\/\/aplikuj.hrappka.pl\/oferta\/Operator-Myjni\/174397\" target=\"_blank\" rel=\"nofollow noopener\">Apply here<\/a><\/div><\/div><\/div><div class=\"hrappka-job\"><h2>Warehouseman<\/h2><div class=\"job-offer\"><div class=\"first-col\"><p class=\"salary\"><strong>Monthly rate:<\/strong> 5 000,00 \u2013 7 000,00 PLN<\/p><p><strong>Locality:<\/strong> Zgorzelec<\/p><p><strong>Number of hours per month:<\/strong> 201h- 240h<\/p><p><strong>Number of jobs available:<\/strong> 10<\/p><p><strong>Length of employment:<\/strong> 12 to 18 months<\/p><p><strong>Experience:<\/strong> Experience min. 6 months<\/p><p><strong>Knowledge of the Polish language:<\/strong> Intermediate<\/p><\/div><div class=\"sec-col\"><p><strong>Job Description:<\/strong> The warehouse-keeper performs operations related to the receipt, storage and release of goods from the warehouse. He is materially responsible for the goods entrusted to him, in particular he is responsible for storing the materials in accordance with the technical sheet2 , protecting them from damage or theft.<\/p><p><strong>Flat fee:<\/strong> 650 PLN<\/p><p><strong>Food:<\/strong> Not guaranteed<\/p><\/div><div class=\"third-col\"><a class=\"apply-link\" href=\"https:\/\/aplikuj.hrappka.pl\/oferta\/Magazynier\/177734\" target=\"_blank\" rel=\"nofollow noopener\">Apply here<\/a><\/div><\/div><div class=\"job-offer\"><div class=\"first-col\"><p class=\"salary\"><strong>Monthly rate:<\/strong> 5 000,00 - 6 000,00 PLN<\/p><p><strong>Locality:<\/strong> Zgorzelec<\/p><p><strong>Number of hours per month:<\/strong> 201h- 240h<\/p><p><strong>Number of jobs available:<\/strong> 10<\/p><p><strong>Length of employment:<\/strong> 12 to 18 months<\/p><p><strong>Experience:<\/strong> Experience min. 6 months<\/p><p><strong>Knowledge of the Polish language:<\/strong> Intermediate<\/p><\/div><div class=\"sec-col\"><p><strong>Job Description:<\/strong> The warehouse-keeper performs operations related to the receipt, storage and release of goods from the warehouse. He is materially responsible for the goods entrusted to him, in particular he is responsible for storing the materials in accordance with the technical sheet2 , protecting them from damage or theft.<\/p><p><strong>Flat fee:<\/strong> 650 PLN<\/p><p><strong>Food:<\/strong> Not guaranteed<\/p><\/div><div class=\"third-col\"><a class=\"apply-link\" href=\"https:\/\/aplikuj.hrappka.pl\/oferta\/Magazynier\/177885\" target=\"_blank\" rel=\"nofollow noopener\">Apply here<\/a><\/div><\/div><\/div><\/div><\/div>\n\t\t\t\t\t\t<\/div>\n\t\t\t\t<\/div>\n\t\t\t\t<section class=\"elementor-section elementor-inner-section elementor-element elementor-element-be5ead4 elementor-section-full_width elementor-section-height-default elementor-section-height-default\" data-id=\"be5ead4\" data-element_type=\"section\" data-e-type=\"section\">\n\t\t\t\t\t\t<div class=\"elementor-container elementor-column-gap-default\">\n\t\t\t\t\t<div class=\"elementor-column elementor-col-50 elementor-inner-column elementor-element elementor-element-3215e5c\" data-id=\"3215e5c\" data-element_type=\"column\" data-e-type=\"column\">\n\t\t\t<div class=\"elementor-widget-wrap elementor-element-populated\">\n\t\t\t\t\t\t<div class=\"elementor-element elementor-element-b7ee227 elementor-widget elementor-widget-heading\" data-id=\"b7ee227\" data-element_type=\"widget\" data-e-type=\"widget\" data-widget_type=\"heading.default\">\n\t\t\t\t<div class=\"elementor-widget-container\">\n\t\t\t\t\t<p class=\"elementor-heading-title elementor-size-default\">Haven't found anything interesting?<\/p>\t\t\t\t<\/div>\n\t\t\t\t<\/div>\n\t\t\t\t<div class=\"elementor-element elementor-element-1648cf2 elementor-align-left cta elementor-mobile-align-justify elementor-widget-mobile__width-inherit elementor-widget elementor-widget-button\" data-id=\"1648cf2\" data-element_type=\"widget\" data-e-type=\"widget\" data-widget_type=\"button.default\">\n\t\t\t\t<div class=\"elementor-widget-container\">\n\t\t\t\t\t\t\t\t\t<div class=\"elementor-button-wrapper\">\n\t\t\t\t\t<a class=\"elementor-button elementor-button-link elementor-size-sm\" href=\"https:\/\/www.topping-work.pl\/en\/for-candidates\/\">\n\t\t\t\t\t\t<span class=\"elementor-button-content-wrapper\">\n\t\t\t\t\t\t<span class=\"elementor-button-icon\">\n\t\t\t\t<svg xmlns=\"http:\/\/www.w3.org\/2000\/svg\" xmlns:xlink=\"http:\/\/www.w3.org\/1999\/xlink\" width=\"50\" zoomandpan=\"magnify\" viewbox=\"0 0 37.5 37.499999\" height=\"50\" preserveaspectratio=\"xMidYMid meet\"><defs><clippath id=\"152c6bb82f\"><path d=\"M 0 5.691406 L 37 5.691406 L 37 31.59375 L 0 31.59375 Z M 0 5.691406 \" clip-rule=\"nonzero\"><\/path><\/clippath><clippath id=\"07404626f1\"><path d=\"M 33.304688 17.320312 L 34.488281 17.320312 L 34.488281 18.503906 L 33.304688 18.503906 Z M 33.304688 17.320312 \" clip-rule=\"nonzero\"><\/path><\/clippath><clippath id=\"47cf56a9d7\"><path d=\"M 33.898438 17.320312 C 33.570312 17.320312 33.304688 17.585938 33.304688 17.910156 C 33.304688 18.238281 33.570312 18.503906 33.898438 18.503906 C 34.226562 18.503906 34.488281 18.238281 34.488281 17.910156 C 34.488281 17.585938 34.226562 17.320312 33.898438 17.320312 Z M 33.898438 17.320312 \" clip-rule=\"nonzero\"><\/path><\/clippath><clippath id=\"9fbd65f3f7\"><path d=\"M 0.304688 0.320312 L 1.488281 0.320312 L 1.488281 1.503906 L 0.304688 1.503906 Z M 0.304688 0.320312 \" clip-rule=\"nonzero\"><\/path><\/clippath><clippath id=\"5d36e26918\"><path d=\"M 0.898438 0.320312 C 0.570312 0.320312 0.304688 0.585938 0.304688 0.910156 C 0.304688 1.238281 0.570312 1.503906 0.898438 1.503906 C 1.226562 1.503906 1.488281 1.238281 1.488281 0.910156 C 1.488281 0.585938 1.226562 0.320312 0.898438 0.320312 Z M 0.898438 0.320312 \" clip-rule=\"nonzero\"><\/path><\/clippath><clippath id=\"b328b9dd3a\"><rect x=\"0\" width=\"2\" y=\"0\" height=\"2\"><\/rect><\/clippath><\/defs><g clip-path=\"url(#152c6bb82f)\"><path fill=\"#ffffff\" d=\"M 36.703125 18.898438 C 36.847656 18.542969 36.847656 18.183594 36.703125 17.824219 C 36.628906 17.652344 36.527344 17.5 36.394531 17.367188 L 25.128906 6.101562 C 24.996094 5.96875 24.84375 5.867188 24.671875 5.796875 C 24.5 5.722656 24.320312 5.6875 24.132812 5.6875 C 23.945312 5.6875 23.765625 5.726562 23.59375 5.796875 C 23.421875 5.867188 23.269531 5.96875 23.136719 6.101562 C 23.003906 6.234375 22.902344 6.386719 22.832031 6.558594 C 22.757812 6.730469 22.722656 6.910156 22.722656 7.097656 C 22.722656 7.285156 22.757812 7.464844 22.832031 7.636719 C 22.902344 7.808594 23.003906 7.960938 23.136719 8.09375 L 32 16.953125 L 1.605469 16.953125 C 1.417969 16.953125 1.238281 16.988281 1.066406 17.0625 C 0.894531 17.132812 0.742188 17.234375 0.609375 17.367188 C 0.480469 17.5 0.375 17.652344 0.304688 17.824219 C 0.234375 17.996094 0.199219 18.175781 0.199219 18.363281 C 0.199219 18.550781 0.234375 18.730469 0.304688 18.902344 C 0.375 19.074219 0.480469 19.226562 0.609375 19.359375 C 0.742188 19.488281 0.894531 19.59375 1.066406 19.664062 C 1.238281 19.734375 1.417969 19.769531 1.605469 19.769531 L 32 19.769531 L 23.140625 28.628906 C 23.007812 28.761719 22.90625 28.914062 22.832031 29.085938 C 22.761719 29.261719 22.726562 29.441406 22.726562 29.625 C 22.726562 29.8125 22.761719 29.992188 22.832031 30.167969 C 22.90625 30.339844 23.007812 30.492188 23.140625 30.625 C 23.273438 30.753906 23.425781 30.855469 23.597656 30.929688 C 23.769531 31 23.949219 31.035156 24.136719 31.035156 C 24.324219 31.035156 24.503906 31 24.675781 30.929688 C 24.847656 30.859375 25 30.757812 25.132812 30.625 L 36.398438 19.359375 C 36.527344 19.226562 36.628906 19.074219 36.703125 18.898438 Z M 36.703125 18.898438 \" fill-opacity=\"1\" fill-rule=\"nonzero\"><\/path><\/g><g clip-path=\"url(#07404626f1)\"><g clip-path=\"url(#47cf56a9d7)\"><g transform=\"matrix(1, 0, 0, 1, 33, 17)\"><g clip-path=\"url(#b328b9dd3a)\"><g clip-path=\"url(#9fbd65f3f7)\"><g clip-path=\"url(#5d36e26918)\"><path fill=\"#ffffff\" d=\"M 0.304688 0.320312 L 1.488281 0.320312 L 1.488281 1.503906 L 0.304688 1.503906 Z M 0.304688 0.320312 \" fill-opacity=\"1\" fill-rule=\"nonzero\"><\/path><\/g><\/g><\/g><\/g><\/g><\/g><\/svg>\t\t\t<\/span>\n\t\t\t\t\t\t\t\t\t<span class=\"elementor-button-text\">Apply to us as a candidate<\/span>\n\t\t\t\t\t<\/span>\n\t\t\t\t\t<\/a>\n\t\t\t\t<\/div>\n\t\t\t\t\t\t\t\t<\/div>\n\t\t\t\t<\/div>\n\t\t\t\t\t<\/div>\n\t\t<\/div>\n\t\t\t\t<div class=\"elementor-column elementor-col-50 elementor-inner-column elementor-element elementor-element-079be34\" data-id=\"079be34\" data-element_type=\"column\" data-e-type=\"column\">\n\t\t\t<div class=\"elementor-widget-wrap elementor-element-populated\">\n\t\t\t\t\t\t<div class=\"elementor-element elementor-element-4ac36cb elementor-mobile-align-justify elementor-align-right elementor-widget elementor-widget-button\" data-id=\"4ac36cb\" data-element_type=\"widget\" data-e-type=\"widget\" data-widget_type=\"button.default\">\n\t\t\t\t<div class=\"elementor-widget-container\">\n\t\t\t\t\t\t\t\t\t<div class=\"elementor-button-wrapper\">\n\t\t\t\t\t<a class=\"elementor-button elementor-button-link elementor-size-sm\" href=\"https:\/\/www.topping-work.pl\/en\/recruitments-job-offers\/\">\n\t\t\t\t\t\t<span class=\"elementor-button-content-wrapper\">\n\t\t\t\t\t\t\t\t\t<span class=\"elementor-button-text\">Back to category selection<\/span>\n\t\t\t\t\t<\/span>\n\t\t\t\t\t<\/a>\n\t\t\t\t<\/div>\n\t\t\t\t\t\t\t\t<\/div>\n\t\t\t\t<\/div>\n\t\t\t\t\t<\/div>\n\t\t<\/div>\n\t\t\t\t\t<\/div>\n\t\t<\/section>\n\t\t\t\t\t<\/div>\n\t\t<\/div>\n\t\t\t\t\t<\/div>\n\t\t<\/section>\n\t\t\t\t<\/div>","protected":false},"excerpt":{"rendered":"<p>Logistyka i magazynOferty pracy Informujemy, \u017ce og\u0142oszenie i komunikacja s\u0105 skierowane do wszystkich os\u00f3b, niezale\u017cnie od p\u0142ci, narodowo\u015bci i wieku. Zapraszamy do zapoznania si\u0119 z naszymi aktualnymi ofertami pracy z kategorii logistyka i magazyn! Do\u0142\u0105cz do nas i znajd\u017a idealn\u0105 \u015bcie\u017ck\u0119 kariery, kt\u00f3ra odpowiada Twoim kwalifikacjom i aspiracjom. Nie znalaz\u0142e\u015b interesuj\u0105cej oferty? Zg\u0142o\u015b si\u0119 do [&hellip;]<\/p>\n","protected":false},"author":1,"featured_media":0,"parent":2526,"menu_order":0,"comment_status":"closed","ping_status":"closed","template":"","meta":{"_acf_changed":false,"footnotes":""},"class_list":["post-2821","page","type-page","status-publish","hentry"],"acf":[],"_links":{"self":[{"href":"https:\/\/www.topping-work.pl\/en\/wp-json\/wp\/v2\/pages\/2821","targetHints":{"allow":["GET"]}}],"collection":[{"href":"https:\/\/www.topping-work.pl\/en\/wp-json\/wp\/v2\/pages"}],"about":[{"href":"https:\/\/www.topping-work.pl\/en\/wp-json\/wp\/v2\/types\/page"}],"author":[{"embeddable":true,"href":"https:\/\/www.topping-work.pl\/en\/wp-json\/wp\/v2\/users\/1"}],"replies":[{"embeddable":true,"href":"https:\/\/www.topping-work.pl\/en\/wp-json\/wp\/v2\/comments?post=2821"}],"version-history":[{"count":25,"href":"https:\/\/www.topping-work.pl\/en\/wp-json\/wp\/v2\/pages\/2821\/revisions"}],"predecessor-version":[{"id":4032,"href":"https:\/\/www.topping-work.pl\/en\/wp-json\/wp\/v2\/pages\/2821\/revisions\/4032"}],"up":[{"embeddable":true,"href":"https:\/\/www.topping-work.pl\/en\/wp-json\/wp\/v2\/pages\/2526"}],"wp:attachment":[{"href":"https:\/\/www.topping-work.pl\/en\/wp-json\/wp\/v2\/media?parent=2821"}],"curies":[{"name":"wp","href":"https:\/\/api.w.org\/{rel}","templated":true}]}}