{"id":2777,"date":"2024-10-24T12:31:01","date_gmt":"2024-10-24T10:31:01","guid":{"rendered":"https:\/\/www.topping-work.pl\/?page_id=2777"},"modified":"2026-01-02T14:58:17","modified_gmt":"2026-01-02T13:58:17","slug":"other","status":"publish","type":"page","link":"https:\/\/www.topping-work.pl\/en\/job-offers\/other\/","title":{"rendered":"Other"},"content":{"rendered":"<div data-elementor-type=\"wp-page\" data-elementor-id=\"2777\" class=\"elementor elementor-2777\" data-elementor-post-type=\"page\">\n\t\t\t\t\t\t<section class=\"elementor-section elementor-top-section elementor-element elementor-element-442862d elementor-section-boxed elementor-section-height-default elementor-section-height-default\" data-id=\"442862d\" data-element_type=\"section\" data-e-type=\"section\" data-settings=\"{&quot;background_background&quot;:&quot;classic&quot;}\">\n\t\t\t\t\t\t\t<div class=\"elementor-background-overlay\"><\/div>\n\t\t\t\t\t\t\t<div class=\"elementor-container elementor-column-gap-default\">\n\t\t\t\t\t<div class=\"elementor-column elementor-col-50 elementor-top-column elementor-element elementor-element-a32c366\" data-id=\"a32c366\" data-element_type=\"column\" data-e-type=\"column\">\n\t\t\t<div class=\"elementor-widget-wrap elementor-element-populated\">\n\t\t\t\t\t\t<div class=\"elementor-element elementor-element-4332ef4 elementor-view-default elementor-widget elementor-widget-icon\" data-id=\"4332ef4\" data-element_type=\"widget\" data-e-type=\"widget\" data-widget_type=\"icon.default\">\n\t\t\t\t<div class=\"elementor-widget-container\">\n\t\t\t\t\t\t\t<div class=\"elementor-icon-wrapper\">\n\t\t\t<div class=\"elementor-icon\">\n\t\t\t<svg xmlns=\"http:\/\/www.w3.org\/2000\/svg\" xmlns:xlink=\"http:\/\/www.w3.org\/1999\/xlink\" width=\"100\" viewbox=\"0 0 75 74.999997\" height=\"100\" preserveaspectratio=\"xMidYMid meet\"><defs><clippath id=\"d13506b2b3\"><path d=\"M 6 10.15625 L 25 10.15625 L 25 28 L 6 28 Z M 6 10.15625 \" clip-rule=\"nonzero\"><\/path><\/clippath><clippath id=\"962652fd80\"><path d=\"M 50 10.15625 L 69 10.15625 L 69 28 L 50 28 Z M 50 10.15625 \" clip-rule=\"nonzero\"><\/path><\/clippath><clippath id=\"73e2119787\"><path d=\"M 1.34375 29 L 73.34375 29 L 73.34375 64.90625 L 1.34375 64.90625 Z M 1.34375 29 \" clip-rule=\"nonzero\"><\/path><\/clippath><clippath id=\"ff66d0fee0\"><path d=\"M 26 10.15625 L 49 10.15625 L 49 33 L 26 33 Z M 26 10.15625 \" clip-rule=\"nonzero\"><\/path><\/clippath><clippath id=\"d3b2756ab9\"><path d=\"M 29.101562 26.25 L 30.300781 26.25 L 30.300781 27.449219 L 29.101562 27.449219 Z M 29.101562 26.25 \" clip-rule=\"nonzero\"><\/path><\/clippath><clippath id=\"31915a4797\"><path d=\"M 29.699219 26.25 C 29.367188 26.25 29.101562 26.519531 29.101562 26.851562 C 29.101562 27.179688 29.367188 27.449219 29.699219 27.449219 C 30.03125 27.449219 30.300781 27.179688 30.300781 26.851562 C 30.300781 26.519531 30.03125 26.25 29.699219 26.25 Z M 29.699219 26.25 \" clip-rule=\"nonzero\"><\/path><\/clippath><\/defs><g clip-path=\"url(#d13506b2b3)\"><path fill=\"#ffffff\" d=\"M 15.53125 27.679688 C 20.363281 27.679688 24.292969 23.75 24.292969 18.917969 C 24.292969 14.085938 20.363281 10.15625 15.53125 10.15625 C 10.699219 10.15625 6.769531 14.085938 6.769531 18.917969 C 6.769531 23.75 10.699219 27.679688 15.53125 27.679688 Z M 15.53125 12.972656 C 18.808594 12.972656 21.476562 15.640625 21.476562 18.917969 C 21.476562 22.199219 18.808594 24.863281 15.53125 24.863281 C 12.253906 24.863281 9.585938 22.199219 9.585938 18.917969 C 9.585938 15.640625 12.253906 12.972656 15.53125 12.972656 Z M 15.53125 12.972656 \" fill-opacity=\"1\" fill-rule=\"nonzero\"><\/path><\/g><g clip-path=\"url(#962652fd80)\"><path fill=\"#ffffff\" d=\"M 59.460938 27.679688 C 64.292969 27.679688 68.222656 23.75 68.222656 18.917969 C 68.222656 14.085938 64.292969 10.15625 59.460938 10.15625 C 54.628906 10.15625 50.699219 14.085938 50.699219 18.917969 C 50.699219 23.75 54.628906 27.679688 59.460938 27.679688 Z M 59.460938 12.972656 C 62.742188 12.972656 65.40625 15.640625 65.40625 18.917969 C 65.40625 22.199219 62.742188 24.863281 59.460938 24.863281 C 56.183594 24.863281 53.515625 22.199219 53.515625 18.917969 C 53.515625 15.640625 56.183594 12.972656 59.460938 12.972656 Z M 59.460938 12.972656 \" fill-opacity=\"1\" fill-rule=\"nonzero\"><\/path><\/g><g clip-path=\"url(#73e2119787)\"><path fill=\"#ffffff\" d=\"M 73.230469 43.542969 L 72.78125 40.835938 C 71.691406 34.296875 66.089844 29.550781 59.460938 29.550781 C 53.722656 29.550781 48.6875 33.183594 46.777344 38.445312 C 44.019531 36.679688 40.796875 35.722656 37.496094 35.722656 C 34.195312 35.722656 30.972656 36.679688 28.21875 38.445312 C 26.308594 33.183594 21.273438 29.550781 15.53125 29.550781 C 8.902344 29.550781 3.300781 34.296875 2.210938 40.835938 L 1.761719 43.542969 C 1.386719 45.78125 2.015625 48.0625 3.484375 49.792969 C 4.953125 51.527344 7.097656 52.519531 9.367188 52.519531 L 20.132812 52.519531 L 19.949219 53.625 C 19.484375 56.421875 20.269531 59.265625 22.101562 61.429688 C 23.9375 63.597656 26.617188 64.835938 29.453125 64.835938 L 45.539062 64.835938 C 48.378906 64.835938 51.054688 63.597656 52.890625 61.429688 C 54.722656 59.265625 55.507812 56.421875 55.042969 53.625 L 54.859375 52.519531 L 65.625 52.519531 C 67.898438 52.519531 70.042969 51.527344 71.507812 49.792969 C 72.976562 48.0625 73.605469 45.78125 73.230469 43.542969 Z M 5.632812 47.972656 C 4.699219 46.875 4.300781 45.425781 4.539062 44.003906 L 4.988281 41.300781 C 5.851562 36.125 10.285156 32.367188 15.53125 32.367188 C 20.382812 32.367188 24.601562 35.648438 25.847656 40.273438 C 23.140625 42.769531 21.296875 46.082031 20.609375 49.703125 L 9.367188 49.703125 C 7.925781 49.703125 6.5625 49.074219 5.632812 47.972656 Z M 50.742188 59.609375 C 49.445312 61.144531 47.546875 62.019531 45.539062 62.019531 L 29.453125 62.019531 C 27.445312 62.019531 25.550781 61.144531 24.25 59.609375 C 22.953125 58.078125 22.398438 56.066406 22.726562 54.085938 L 23.316406 50.554688 C 23.875 47.199219 25.609375 44.144531 28.203125 41.945312 C 30.796875 39.75 34.097656 38.539062 37.496094 38.539062 C 40.894531 38.539062 44.195312 39.75 46.789062 41.945312 C 49.382812 44.144531 51.117188 47.199219 51.675781 50.554688 L 52.265625 54.085938 C 52.59375 56.066406 52.039062 58.078125 50.742188 59.609375 Z M 69.359375 47.972656 C 68.429688 49.074219 67.066406 49.703125 65.625 49.703125 L 54.386719 49.703125 C 53.695312 46.082031 51.855469 42.769531 49.148438 40.273438 C 50.390625 35.648438 54.609375 32.367188 59.460938 32.367188 C 64.707031 32.367188 69.144531 36.125 70.003906 41.300781 L 70.453125 44.003906 C 70.691406 45.425781 70.292969 46.875 69.359375 47.972656 Z M 69.359375 47.972656 \" fill-opacity=\"1\" fill-rule=\"nonzero\"><\/path><\/g><g clip-path=\"url(#ff66d0fee0)\"><path fill=\"#ffffff\" d=\"M 37.496094 32.925781 C 43.5625 32.925781 48.5 27.992188 48.5 21.921875 C 48.5 15.855469 43.5625 10.917969 37.496094 10.917969 C 31.429688 10.917969 26.492188 15.855469 26.492188 21.921875 C 26.492188 27.992188 31.429688 32.925781 37.496094 32.925781 Z M 37.496094 13.734375 C 42.011719 13.734375 45.683594 17.40625 45.683594 21.921875 C 45.683594 26.4375 42.011719 30.109375 37.496094 30.109375 C 32.980469 30.109375 29.308594 26.4375 29.308594 21.921875 C 29.308594 17.40625 32.980469 13.734375 37.496094 13.734375 Z M 37.496094 13.734375 \" fill-opacity=\"1\" fill-rule=\"nonzero\"><\/path><\/g><g clip-path=\"url(#d3b2756ab9)\"><g clip-path=\"url(#31915a4797)\"><path fill=\"#ffffff\" d=\"M 29.101562 26.25 L 30.300781 26.25 L 30.300781 27.449219 L 29.101562 27.449219 Z M 29.101562 26.25 \" fill-opacity=\"1\" fill-rule=\"nonzero\"><\/path><\/g><\/g><\/svg>\t\t\t<\/div>\n\t\t<\/div>\n\t\t\t\t\t\t<\/div>\n\t\t\t\t<\/div>\n\t\t\t\t<div class=\"elementor-element elementor-element-fe8a423 elementor-widget elementor-widget-heading\" data-id=\"fe8a423\" data-element_type=\"widget\" data-e-type=\"widget\" data-widget_type=\"heading.default\">\n\t\t\t\t<div class=\"elementor-widget-container\">\n\t\t\t\t\t<h1 class=\"elementor-heading-title elementor-size-default\">Other<br \/><strong>Job offers<\/strong><\/h1>\t\t\t\t<\/div>\n\t\t\t\t<\/div>\n\t\t\t\t<div class=\"elementor-element elementor-element-735fafa elementor-widget elementor-widget-text-editor\" data-id=\"735fafa\" data-element_type=\"widget\" data-e-type=\"widget\" data-widget_type=\"text-editor.default\">\n\t\t\t\t<div class=\"elementor-widget-container\">\n\t\t\t\t\t\t\t\t\t<p>Please note that this announcement and communication are addressed to all persons, regardless of gender, nationality, or age.<\/p>\t\t\t\t\t\t\t\t<\/div>\n\t\t\t\t<\/div>\n\t\t\t\t<div class=\"elementor-element elementor-element-2eba7d2 elementor-widget-divider--view-line elementor-widget elementor-widget-divider\" data-id=\"2eba7d2\" data-element_type=\"widget\" data-e-type=\"widget\" data-widget_type=\"divider.default\">\n\t\t\t\t<div class=\"elementor-widget-container\">\n\t\t\t\t\t\t\t<div class=\"elementor-divider\">\n\t\t\t<span class=\"elementor-divider-separator\">\n\t\t\t\t\t\t<\/span>\n\t\t<\/div>\n\t\t\t\t\t\t<\/div>\n\t\t\t\t<\/div>\n\t\t\t\t<div class=\"elementor-element elementor-element-4f53ff3 elementor-widget elementor-widget-text-editor\" data-id=\"4f53ff3\" data-element_type=\"widget\" data-e-type=\"widget\" data-widget_type=\"text-editor.default\">\n\t\t\t\t<div class=\"elementor-widget-container\">\n\t\t\t\t\t\t\t\t\t<p>Take a look at our current job vacancies in the following categories <strong>spa and wellness<\/strong>! Join us and find the perfect career path that matches your qualifications and aspirations.<\/p>\t\t\t\t\t\t\t\t<\/div>\n\t\t\t\t<\/div>\n\t\t\t\t\t<\/div>\n\t\t<\/div>\n\t\t\t\t<div class=\"elementor-column elementor-col-50 elementor-top-column elementor-element elementor-element-5761d46\" data-id=\"5761d46\" data-element_type=\"column\" data-e-type=\"column\">\n\t\t\t<div class=\"elementor-widget-wrap\">\n\t\t\t\t\t\t\t<\/div>\n\t\t<\/div>\n\t\t\t\t\t<\/div>\n\t\t<\/section>\n\t\t\t\t<section class=\"elementor-section elementor-top-section elementor-element elementor-element-3a0ef65 elementor-section-boxed elementor-section-height-default elementor-section-height-default\" data-id=\"3a0ef65\" data-element_type=\"section\" data-e-type=\"section\">\n\t\t\t\t\t\t<div class=\"elementor-container elementor-column-gap-default\">\n\t\t\t\t\t<div class=\"elementor-column elementor-col-100 elementor-top-column elementor-element elementor-element-31dc709\" data-id=\"31dc709\" data-element_type=\"column\" data-e-type=\"column\">\n\t\t\t<div class=\"elementor-widget-wrap elementor-element-populated\">\n\t\t\t\t\t\t<div class=\"elementor-element elementor-element-b658957 elementor-widget elementor-widget-shortcode\" data-id=\"b658957\" data-element_type=\"widget\" data-e-type=\"widget\" data-widget_type=\"shortcode.default\">\n\t\t\t\t<div class=\"elementor-widget-container\">\n\t\t\t\t\t\t\t<div class=\"elementor-shortcode\"><p class=\"hrappka-job\">No offers in the selected category.<\/p><\/div>\n\t\t\t\t\t\t<\/div>\n\t\t\t\t<\/div>\n\t\t\t\t<section class=\"elementor-section elementor-inner-section elementor-element elementor-element-bf5a0a6 elementor-section-full_width elementor-section-height-default elementor-section-height-default\" data-id=\"bf5a0a6\" data-element_type=\"section\" data-e-type=\"section\">\n\t\t\t\t\t\t<div class=\"elementor-container elementor-column-gap-default\">\n\t\t\t\t\t<div class=\"elementor-column elementor-col-50 elementor-inner-column elementor-element elementor-element-9d2f027\" data-id=\"9d2f027\" data-element_type=\"column\" data-e-type=\"column\">\n\t\t\t<div class=\"elementor-widget-wrap elementor-element-populated\">\n\t\t\t\t\t\t<div class=\"elementor-element elementor-element-64078a8 elementor-widget elementor-widget-heading\" data-id=\"64078a8\" data-element_type=\"widget\" data-e-type=\"widget\" data-widget_type=\"heading.default\">\n\t\t\t\t<div class=\"elementor-widget-container\">\n\t\t\t\t\t<p class=\"elementor-heading-title elementor-size-default\">Haven't found anything interesting?<\/p>\t\t\t\t<\/div>\n\t\t\t\t<\/div>\n\t\t\t\t<div class=\"elementor-element elementor-element-b1f2669 elementor-align-left cta elementor-mobile-align-justify elementor-widget-mobile__width-inherit elementor-widget elementor-widget-button\" data-id=\"b1f2669\" data-element_type=\"widget\" data-e-type=\"widget\" data-widget_type=\"button.default\">\n\t\t\t\t<div class=\"elementor-widget-container\">\n\t\t\t\t\t\t\t\t\t<div class=\"elementor-button-wrapper\">\n\t\t\t\t\t<a class=\"elementor-button elementor-button-link elementor-size-sm\" href=\"https:\/\/www.topping-work.pl\/en\/for-candidates\/\">\n\t\t\t\t\t\t<span class=\"elementor-button-content-wrapper\">\n\t\t\t\t\t\t<span class=\"elementor-button-icon\">\n\t\t\t\t<svg xmlns=\"http:\/\/www.w3.org\/2000\/svg\" xmlns:xlink=\"http:\/\/www.w3.org\/1999\/xlink\" width=\"50\" zoomandpan=\"magnify\" viewbox=\"0 0 37.5 37.499999\" height=\"50\" preserveaspectratio=\"xMidYMid meet\"><defs><clippath id=\"152c6bb82f\"><path d=\"M 0 5.691406 L 37 5.691406 L 37 31.59375 L 0 31.59375 Z M 0 5.691406 \" clip-rule=\"nonzero\"><\/path><\/clippath><clippath id=\"07404626f1\"><path d=\"M 33.304688 17.320312 L 34.488281 17.320312 L 34.488281 18.503906 L 33.304688 18.503906 Z M 33.304688 17.320312 \" clip-rule=\"nonzero\"><\/path><\/clippath><clippath id=\"47cf56a9d7\"><path d=\"M 33.898438 17.320312 C 33.570312 17.320312 33.304688 17.585938 33.304688 17.910156 C 33.304688 18.238281 33.570312 18.503906 33.898438 18.503906 C 34.226562 18.503906 34.488281 18.238281 34.488281 17.910156 C 34.488281 17.585938 34.226562 17.320312 33.898438 17.320312 Z M 33.898438 17.320312 \" clip-rule=\"nonzero\"><\/path><\/clippath><clippath id=\"9fbd65f3f7\"><path d=\"M 0.304688 0.320312 L 1.488281 0.320312 L 1.488281 1.503906 L 0.304688 1.503906 Z M 0.304688 0.320312 \" clip-rule=\"nonzero\"><\/path><\/clippath><clippath id=\"5d36e26918\"><path d=\"M 0.898438 0.320312 C 0.570312 0.320312 0.304688 0.585938 0.304688 0.910156 C 0.304688 1.238281 0.570312 1.503906 0.898438 1.503906 C 1.226562 1.503906 1.488281 1.238281 1.488281 0.910156 C 1.488281 0.585938 1.226562 0.320312 0.898438 0.320312 Z M 0.898438 0.320312 \" clip-rule=\"nonzero\"><\/path><\/clippath><clippath id=\"b328b9dd3a\"><rect x=\"0\" width=\"2\" y=\"0\" height=\"2\"><\/rect><\/clippath><\/defs><g clip-path=\"url(#152c6bb82f)\"><path fill=\"#ffffff\" d=\"M 36.703125 18.898438 C 36.847656 18.542969 36.847656 18.183594 36.703125 17.824219 C 36.628906 17.652344 36.527344 17.5 36.394531 17.367188 L 25.128906 6.101562 C 24.996094 5.96875 24.84375 5.867188 24.671875 5.796875 C 24.5 5.722656 24.320312 5.6875 24.132812 5.6875 C 23.945312 5.6875 23.765625 5.726562 23.59375 5.796875 C 23.421875 5.867188 23.269531 5.96875 23.136719 6.101562 C 23.003906 6.234375 22.902344 6.386719 22.832031 6.558594 C 22.757812 6.730469 22.722656 6.910156 22.722656 7.097656 C 22.722656 7.285156 22.757812 7.464844 22.832031 7.636719 C 22.902344 7.808594 23.003906 7.960938 23.136719 8.09375 L 32 16.953125 L 1.605469 16.953125 C 1.417969 16.953125 1.238281 16.988281 1.066406 17.0625 C 0.894531 17.132812 0.742188 17.234375 0.609375 17.367188 C 0.480469 17.5 0.375 17.652344 0.304688 17.824219 C 0.234375 17.996094 0.199219 18.175781 0.199219 18.363281 C 0.199219 18.550781 0.234375 18.730469 0.304688 18.902344 C 0.375 19.074219 0.480469 19.226562 0.609375 19.359375 C 0.742188 19.488281 0.894531 19.59375 1.066406 19.664062 C 1.238281 19.734375 1.417969 19.769531 1.605469 19.769531 L 32 19.769531 L 23.140625 28.628906 C 23.007812 28.761719 22.90625 28.914062 22.832031 29.085938 C 22.761719 29.261719 22.726562 29.441406 22.726562 29.625 C 22.726562 29.8125 22.761719 29.992188 22.832031 30.167969 C 22.90625 30.339844 23.007812 30.492188 23.140625 30.625 C 23.273438 30.753906 23.425781 30.855469 23.597656 30.929688 C 23.769531 31 23.949219 31.035156 24.136719 31.035156 C 24.324219 31.035156 24.503906 31 24.675781 30.929688 C 24.847656 30.859375 25 30.757812 25.132812 30.625 L 36.398438 19.359375 C 36.527344 19.226562 36.628906 19.074219 36.703125 18.898438 Z M 36.703125 18.898438 \" fill-opacity=\"1\" fill-rule=\"nonzero\"><\/path><\/g><g clip-path=\"url(#07404626f1)\"><g clip-path=\"url(#47cf56a9d7)\"><g transform=\"matrix(1, 0, 0, 1, 33, 17)\"><g clip-path=\"url(#b328b9dd3a)\"><g clip-path=\"url(#9fbd65f3f7)\"><g clip-path=\"url(#5d36e26918)\"><path fill=\"#ffffff\" d=\"M 0.304688 0.320312 L 1.488281 0.320312 L 1.488281 1.503906 L 0.304688 1.503906 Z M 0.304688 0.320312 \" fill-opacity=\"1\" fill-rule=\"nonzero\"><\/path><\/g><\/g><\/g><\/g><\/g><\/g><\/svg>\t\t\t<\/span>\n\t\t\t\t\t\t\t\t\t<span class=\"elementor-button-text\">Apply to us as a candidate<\/span>\n\t\t\t\t\t<\/span>\n\t\t\t\t\t<\/a>\n\t\t\t\t<\/div>\n\t\t\t\t\t\t\t\t<\/div>\n\t\t\t\t<\/div>\n\t\t\t\t\t<\/div>\n\t\t<\/div>\n\t\t\t\t<div class=\"elementor-column elementor-col-50 elementor-inner-column elementor-element elementor-element-1069798\" data-id=\"1069798\" data-element_type=\"column\" data-e-type=\"column\">\n\t\t\t<div class=\"elementor-widget-wrap elementor-element-populated\">\n\t\t\t\t\t\t<div class=\"elementor-element elementor-element-623a798 elementor-mobile-align-justify elementor-align-right elementor-widget elementor-widget-button\" data-id=\"623a798\" data-element_type=\"widget\" data-e-type=\"widget\" data-widget_type=\"button.default\">\n\t\t\t\t<div class=\"elementor-widget-container\">\n\t\t\t\t\t\t\t\t\t<div class=\"elementor-button-wrapper\">\n\t\t\t\t\t<a class=\"elementor-button elementor-button-link elementor-size-sm\" href=\"https:\/\/www.topping-work.pl\/en\/recruitments-job-offers\/\">\n\t\t\t\t\t\t<span class=\"elementor-button-content-wrapper\">\n\t\t\t\t\t\t\t\t\t<span class=\"elementor-button-text\">Back to category selection<\/span>\n\t\t\t\t\t<\/span>\n\t\t\t\t\t<\/a>\n\t\t\t\t<\/div>\n\t\t\t\t\t\t\t\t<\/div>\n\t\t\t\t<\/div>\n\t\t\t\t\t<\/div>\n\t\t<\/div>\n\t\t\t\t\t<\/div>\n\t\t<\/section>\n\t\t\t\t\t<\/div>\n\t\t<\/div>\n\t\t\t\t\t<\/div>\n\t\t<\/section>\n\t\t\t\t<\/div>","protected":false},"excerpt":{"rendered":"<p>Pozosta\u0142eOferty pracy Informujemy, \u017ce og\u0142oszenie i komunikacja s\u0105 skierowane do wszystkich os\u00f3b, niezale\u017cnie od p\u0142ci, narodowo\u015bci i wieku. Zapraszamy do zapoznania si\u0119 z naszymi aktualnymi ofertami pracy z kategorii spa i wellness! Do\u0142\u0105cz do nas i znajd\u017a idealn\u0105 \u015bcie\u017ck\u0119 kariery, kt\u00f3ra odpowiada Twoim kwalifikacjom i aspiracjom. Nie znalaz\u0142e\u015b interesuj\u0105cej oferty? Zg\u0142o\u015b si\u0119 do nas jako [&hellip;]<\/p>\n","protected":false},"author":1,"featured_media":0,"parent":2526,"menu_order":0,"comment_status":"closed","ping_status":"closed","template":"","meta":{"_acf_changed":false,"footnotes":""},"class_list":["post-2777","page","type-page","status-publish","hentry"],"acf":[],"_links":{"self":[{"href":"https:\/\/www.topping-work.pl\/en\/wp-json\/wp\/v2\/pages\/2777","targetHints":{"allow":["GET"]}}],"collection":[{"href":"https:\/\/www.topping-work.pl\/en\/wp-json\/wp\/v2\/pages"}],"about":[{"href":"https:\/\/www.topping-work.pl\/en\/wp-json\/wp\/v2\/types\/page"}],"author":[{"embeddable":true,"href":"https:\/\/www.topping-work.pl\/en\/wp-json\/wp\/v2\/users\/1"}],"replies":[{"embeddable":true,"href":"https:\/\/www.topping-work.pl\/en\/wp-json\/wp\/v2\/comments?post=2777"}],"version-history":[{"count":31,"href":"https:\/\/www.topping-work.pl\/en\/wp-json\/wp\/v2\/pages\/2777\/revisions"}],"predecessor-version":[{"id":4035,"href":"https:\/\/www.topping-work.pl\/en\/wp-json\/wp\/v2\/pages\/2777\/revisions\/4035"}],"up":[{"embeddable":true,"href":"https:\/\/www.topping-work.pl\/en\/wp-json\/wp\/v2\/pages\/2526"}],"wp:attachment":[{"href":"https:\/\/www.topping-work.pl\/en\/wp-json\/wp\/v2\/media?parent=2777"}],"curies":[{"name":"wp","href":"https:\/\/api.w.org\/{rel}","templated":true}]}}