{"id":2052,"date":"2022-07-20T14:42:26","date_gmt":"2022-07-20T12:42:26","guid":{"rendered":"https:\/\/www.topping-work.eu\/?page_id=2052"},"modified":"2025-03-27T09:19:02","modified_gmt":"2025-03-27T08:19:02","slug":"rodo-information-clause","status":"publish","type":"page","link":"https:\/\/www.topping-work.pl\/en\/rodo-information-clause\/","title":{"rendered":"Rodo information clause"},"content":{"rendered":"<div data-elementor-type=\"wp-page\" data-elementor-id=\"2052\" class=\"elementor elementor-2052\" data-elementor-post-type=\"page\">\n\t\t\t\t\t\t<section class=\"elementor-section elementor-top-section elementor-element elementor-element-9de9540 elementor-section-boxed elementor-section-height-default elementor-section-height-default\" data-id=\"9de9540\" data-element_type=\"section\" data-e-type=\"section\" data-settings=\"{&quot;background_background&quot;:&quot;classic&quot;}\">\n\t\t\t\t\t\t\t<div class=\"elementor-background-overlay\"><\/div>\n\t\t\t\t\t\t\t<div class=\"elementor-container elementor-column-gap-default\">\n\t\t\t\t\t<div class=\"elementor-column elementor-col-100 elementor-top-column elementor-element elementor-element-1e9ca7a\" data-id=\"1e9ca7a\" data-element_type=\"column\" data-e-type=\"column\">\n\t\t\t<div class=\"elementor-widget-wrap elementor-element-populated\">\n\t\t\t\t\t\t<div class=\"elementor-element elementor-element-51e8c9a elementor-widget elementor-widget-heading\" data-id=\"51e8c9a\" data-element_type=\"widget\" data-e-type=\"widget\" data-widget_type=\"heading.default\">\n\t\t\t\t<div class=\"elementor-widget-container\">\n\t\t\t\t\t<h1 class=\"elementor-heading-title elementor-size-default\">Information clause<br \/><strong>GDPR<\/strong><\/h1>\t\t\t\t<\/div>\n\t\t\t\t<\/div>\n\t\t\t\t<div class=\"elementor-element elementor-element-ddf9172 elementor-widget-divider--view-line elementor-widget elementor-widget-divider\" data-id=\"ddf9172\" data-element_type=\"widget\" data-e-type=\"widget\" data-widget_type=\"divider.default\">\n\t\t\t\t<div class=\"elementor-widget-container\">\n\t\t\t\t\t\t\t<div class=\"elementor-divider\">\n\t\t\t<span class=\"elementor-divider-separator\">\n\t\t\t\t\t\t<\/span>\n\t\t<\/div>\n\t\t\t\t\t\t<\/div>\n\t\t\t\t<\/div>\n\t\t\t\t<div class=\"elementor-element elementor-element-c8edf08 document elementor-widget elementor-widget-text-editor\" data-id=\"c8edf08\" data-element_type=\"widget\" data-e-type=\"widget\" data-widget_type=\"text-editor.default\">\n\t\t\t\t<div class=\"elementor-widget-container\">\n\t\t\t\t\t\t\t\t\t<p>In accordance with Article 13(1) and (2) of Regulation (EU) 2016\/679 of the European Parliament and of the Council of 27 April 2016 on the protection of natural persons with regard to the processing of personal data and on the free movement of such data and repealing Directive 95\/46\/EC (General Data Protection Regulation), hereinafter referred to as: RODO, we inform you that:<\/p>\n<ol>\n<li>The administrator of your data is Topping Work Europe sp. z o.o. ul. \u0141u\u017cycka 25a 59 - 900 Zgorzelec, NIP: 6152057322, tel.: +48 756408105, email: biuro@topping-work.pl hereinafter referred to as the company.<\/li>\n<li>Your personal data will be protected and processed for:\n<ul>\n<li>the performance of contracts (on the basis of Article 6(1)(b) of the DPA),<\/li>\n<li>Marketing of the company's own products or services (Article 6(1)(f)RODO - the legitimate interest is to inform you about our commercial offer,<\/li>\n<li>the fulfilment of our legitimate interest to establish or assert or defend against claims, if any (the legal basis for the processing is Article 6(1)(f) RODO.<\/li>\n<\/ul>\n<\/li>\n<li>Your personal data will be retained for the period necessary to fulfil the purpose for which you have given your consent, with a systematic review to assess its relevance, no longer than every 3 years from the date of entry. In particular, they will be processed for the validity period of the offer or the duration of the contract, but no longer than the duration of the contract, or until you withdraw your consent. To the extent that the data is processed for the purpose of directing marketing content to you, it will be processed until you withdraw your consent or object to such processing. The period for the processing of personal data may be extended each time by the period of the statute of limitations for claims, if the processing of personal data is necessary for the ADO to assert or defend against possible claims. After this period, the data will only be processed to the extent and for the duration required by law, including tax and accounting law.<\/li>\n<li>You have the right to: to access the content of your personal data, including to request a copy of your personal data and to request the rectification of your personal data, to erase your personal data (right to be forgotten), to restrict the processing of your personal data, the right to have your personal data transferred to another controller, the right to object to the processing of your personal data, including profiling, and for direct marketing purposes, the right to withdraw consent where the company will process your personal data based on consent, at any time and in any way, without affecting the lawfulness of processing performed on the basis of consent before its withdrawal, the right to lodge a complaint with the President of the Office for Personal Data Protection if you consider that the processing of your personal data violates the provisions of the RODO.<\/li>\n<li>You have the right to object to the processing of your personal data for the purpose of directing marketing content to you. In addition, you have the right to object to the processing of personal data for purposes arising from the company's legitimate interests on grounds relating to your particular situation.<\/li>\n<li>Your provision of personal data is voluntary, but necessary for placing and processing your order and using the Agency's services.<\/li>\n<li>Your personal data will not be subject to profiling.<\/li>\n<\/ol>\t\t\t\t\t\t\t\t<\/div>\n\t\t\t\t<\/div>\n\t\t\t\t\t<\/div>\n\t\t<\/div>\n\t\t\t\t\t<\/div>\n\t\t<\/section>\n\t\t\t\t<\/div>","protected":false},"excerpt":{"rendered":"<p>Klauzula informacyjnaRODO Zgodnie z art. 13 ust. 1 i ust. 2 rozporz\u0105dzenia Parlamentu Europejskiego i Rady (UE) 2016\/679 z dnia 27 kwietnia 2016 r. w sprawie ochrony os\u00f3b fizycznych w zwi\u0105zku z przetwarzaniem danych osobowych i w sprawie swobodnego przep\u0142ywu takich danych oraz uchylenia dyrektywy 95\/46\/WE (og\u00f3lne rozporz\u0105dzenie o ochronie danych), dalej jako: RODO, informujemy, [&hellip;]<\/p>\n","protected":false},"author":1,"featured_media":0,"parent":0,"menu_order":0,"comment_status":"closed","ping_status":"closed","template":"","meta":{"_acf_changed":false,"footnotes":""},"class_list":["post-2052","page","type-page","status-publish","hentry"],"acf":[],"_links":{"self":[{"href":"https:\/\/www.topping-work.pl\/en\/wp-json\/wp\/v2\/pages\/2052","targetHints":{"allow":["GET"]}}],"collection":[{"href":"https:\/\/www.topping-work.pl\/en\/wp-json\/wp\/v2\/pages"}],"about":[{"href":"https:\/\/www.topping-work.pl\/en\/wp-json\/wp\/v2\/types\/page"}],"author":[{"embeddable":true,"href":"https:\/\/www.topping-work.pl\/en\/wp-json\/wp\/v2\/users\/1"}],"replies":[{"embeddable":true,"href":"https:\/\/www.topping-work.pl\/en\/wp-json\/wp\/v2\/comments?post=2052"}],"version-history":[{"count":45,"href":"https:\/\/www.topping-work.pl\/en\/wp-json\/wp\/v2\/pages\/2052\/revisions"}],"predecessor-version":[{"id":3091,"href":"https:\/\/www.topping-work.pl\/en\/wp-json\/wp\/v2\/pages\/2052\/revisions\/3091"}],"wp:attachment":[{"href":"https:\/\/www.topping-work.pl\/en\/wp-json\/wp\/v2\/media?parent=2052"}],"curies":[{"name":"wp","href":"https:\/\/api.w.org\/{rel}","templated":true}]}}